{"id":33771,"date":"2025-11-20T01:07:47","date_gmt":"2025-11-20T00:07:47","guid":{"rendered":"https:\/\/gopinkish.com\/?post_type=product&#038;p=33771"},"modified":"2026-01-15T13:14:40","modified_gmt":"2026-01-15T12:14:40","slug":"8809875456026","status":"publish","type":"product","link":"https:\/\/gopinkish.com\/en\/product\/8809875456026\/","title":{"rendered":"Serum to minimize pores and improve skin elasticity"},"content":{"rendered":"<p><!--StartFragment --><\/p>\n<p style=\"text-align: justify;\">A customized serum for comprehensive pore care. It contains 3% Purple PDRN (rice plant extract), along with plant collagen, peptides, and elastin to enhance skin elasticity. The formula is enriched with 4% Niacinamide, LHA, and PHA to brighten skin and regulate sebum production, as well as hyaluronic acid and ceramides for deep hydration.<\/p>\n<p style=\"text-align: justify;\"><strong>Key ingredients and properties:<\/strong><br \/>\n- Purple PDRN (3%): Promotes skin regeneration and firming.<br \/>\n- Vegan Collagen + Peptides + Elastin: Supports skin elasticity and reduces sagging.<br \/>\n- Niacinamide (4%): Improves radiance and evens out skin tone.<br \/>\n- Tannin Complex + LHA: Regulates sebum secretion and reduces shine.<br \/>\n- Hyaluronic Acid + Ceramide + Panthenol: Deeply moisturizes and protects the skin barrier.<\/p>\n<p style=\"text-align: justify;\"><strong>Key features and benefits:<\/strong><br \/>\n- Visibly reduces pore size within 3 days.<br \/>\n- Tightens the skin and enhances its elasticity.<br \/>\n- It regulates sebum secretion and balances oily and combination skin.<br \/>\n- Improves skin radiance and reduces dullness.<br \/>\n- Provides deep moisturization while strengthening the skin barrier.<br \/>\n- Suitable for all skin types, especially oily and combination skin.<\/p>\n<p dir=\"ltr\" style=\"text-align: center;\">\ud83c\uddec\ud83c\udde7 EQQUAL BERRY Purple PDRN Pore Minimizing Serum - Visible Pore Tightening, Oil Control &amp; Skin Firming<br \/>\n\ud83c\uddeb\ud83c\uddf7 EQQUAL BERRY Purple PDRN Pore Minimizing Serum - R\u00e9duction Visible des Pores, Contr\u00f4le du S\u00e9bum &amp; Fermet\u00e9 de la Peau<\/p>\n<p><!--EndFragment --><\/p>","protected":false},"excerpt":{"rendered":"<p>\u0633\u064a\u0631\u0648\u0645 \u0645\u062e\u0635\u0635 \u0644\u0644\u0639\u0646\u0627\u064a\u0629 \u0627\u0644\u0634\u0627\u0645\u0644\u0629 \u0628\u0627\u0644\u0645\u0633\u0627\u0645. \u064a\u062d\u062a\u0648\u064a \u0639\u0644\u0649 3% Purple PDRN (\u0645\u0633\u062a\u062e\u0644\u0635 \u0646\u0628\u0627\u062a\u064a \u0645\u0646 \u0627\u0644\u0623\u0631\u0632)\u060c \u0625\u0644\u0649 \u062c\u0627\u0646\u0628 \u0627\u0644\u0643\u0648\u0644\u0627\u062c\u064a\u0646 \u0627\u0644\u0646\u0628\u0627\u062a\u064a\u060c \u0627\u0644\u0628\u0628\u062a\u064a\u062f\u0627\u062a\u060c \u0648\u0627\u0644\u0625\u064a\u0644\u0627\u0633\u062a\u064a\u0646 \u0644\u062a\u0639\u0632\u064a\u0632 \u0645\u0631\u0648\u0646\u0629 \u0627\u0644\u0628\u0634\u0631\u0629. \u0627\u0644\u062a\u0631\u0643\u064a\u0628\u0629 \u0645\u062f\u0639\u0645\u0629 \u0628\u0640 Niacinamide 4%\u060c LHA\u060c \u0648PHA \u0644\u062a\u0641\u062a\u064a\u062d \u0627\u0644\u0628\u0634\u0631\u0629 \u0648\u062a\u0646\u0638\u064a\u0645 \u0625\u0641\u0631\u0627\u0632 \u0627\u0644\u062f\u0647\u0648\u0646\u060c \u0628\u0627\u0644\u0625\u0636\u0627\u0641\u0629 \u0625\u0644\u0649 \u062d\u0645\u0636 \u0627\u0644\u0647\u064a\u0627\u0644\u0648\u0631\u0648\u0646\u064a\u0643 \u0648\u0627\u0644\u0633\u064a\u0631\u0627\u0645\u064a\u062f\u0627\u062a \u0644\u062a\u0631\u0637\u064a\u0628 \u0639\u0645\u064a\u0642. \u0627\u0644\u0645\u0643\u0648\u0646\u0627\u062a \u0648\u0627\u0644\u062e\u0635\u0627\u0626\u0635 \u0627\u0644\u0631\u0626\u064a\u0633\u064a\u0629: \u2022 Purple PDRN (3%): \u064a\u0639\u0632\u0632 \u062a\u062c\u062f\u064a\u062f \u0627\u0644\u0628\u0634\u0631\u0629 \u0648\u064a\u0634\u062f\u0647\u0627. \u2022 Vegan [&hellip;]<\/p>\n","protected":false},"featured_media":33772,"template":"","meta":[],"pwb-brand":[1447],"product_brand":[],"product_cat":[1227],"product_tag":[673,689,695,697,1013,763],"class_list":{"0":"post-33771","1":"product","2":"type-product","3":"status-publish","4":"has-post-thumbnail","6":"pwb-brand-eqqual-berry","7":"product_cat-face-renew","8":"product_tag-pores","9":"product_tag-oily","10":"product_tag-mixedskin","11":"product_tag-moisturizing","12":"product_tag-1013","13":"product_tag-korean-product-2","15":"first","16":"instock","17":"shipping-taxable","18":"purchasable","19":"product-type-variable","20":"has-default-attributes","21":"wvs-archive-product-wrapper"},"brands":[{"id":1447,"name":"EqualBerry","slug":"eqqual-berry"}],"_links":{"self":[{"href":"https:\/\/gopinkish.com\/en\/wp-json\/wp\/v2\/product\/33771","targetHints":{"allow":["GET"]}}],"collection":[{"href":"https:\/\/gopinkish.com\/en\/wp-json\/wp\/v2\/product"}],"about":[{"href":"https:\/\/gopinkish.com\/en\/wp-json\/wp\/v2\/types\/product"}],"wp:featuredmedia":[{"embeddable":true,"href":"https:\/\/gopinkish.com\/en\/wp-json\/wp\/v2\/media\/33772"}],"wp:attachment":[{"href":"https:\/\/gopinkish.com\/en\/wp-json\/wp\/v2\/media?parent=33771"}],"wp:term":[{"taxonomy":"pwb-brand","embeddable":true,"href":"https:\/\/gopinkish.com\/en\/wp-json\/wp\/v2\/pwb-brand?post=33771"},{"taxonomy":"product_brand","embeddable":true,"href":"https:\/\/gopinkish.com\/en\/wp-json\/wp\/v2\/product_brand?post=33771"},{"taxonomy":"product_cat","embeddable":true,"href":"https:\/\/gopinkish.com\/en\/wp-json\/wp\/v2\/product_cat?post=33771"},{"taxonomy":"product_tag","embeddable":true,"href":"https:\/\/gopinkish.com\/en\/wp-json\/wp\/v2\/product_tag?post=33771"}],"curies":[{"name":"wp","href":"https:\/\/api.w.org\/{rel}","templated":true}]}}