{"id":33679,"date":"2025-11-19T17:51:08","date_gmt":"2025-11-19T16:51:08","guid":{"rendered":"https:\/\/gopinkish.com\/?post_type=product&#038;p=33679"},"modified":"2025-12-13T15:37:48","modified_gmt":"2025-12-13T14:37:48","slug":"3499320008129","status":"publish","type":"product","link":"https:\/\/gopinkish.com\/en\/product\/3499320008129\/","title":{"rendered":"Therapeutic moisturizer for very dry, eczema-prone skin"},"content":{"rendered":"<p><!--StartFragment --><\/p>\n<p style=\"text-align: justify;\">Cetaphil Pro Eczema-Prone Skin Restoring Moisturizer by Cetaphil is part of the Pro range for sensitive and eczema-prone skin. It contains Ceramide Technology\u2122 and Filaggrin Technology\u2122 that help restore the skin's natural barrier and enhance its ability to retain moisture. The formula is enriched with Glycerin, Shea Butter, Panthenol, and Niacinamide to provide intense hydration and effective soothing for very dry skin.<\/p>\n<p style=\"text-align: justify;\"><strong>Key ingredients and properties:<\/strong><br \/>\n\u2022 \u0627\u0644\u0633\u064a\u0631\u0627\u0645\u064a\u062f\u0627\u062a: \u062a\u0639\u064a\u062f \u0628\u0646\u0627\u0621 \u062d\u0627\u062c\u0632 \u0627\u0644\u0628\u0634\u0631\u0629 \u0627\u0644\u0637\u0628\u064a\u0639\u064a.<br \/>\n\u2022 Filaggrin Technology\u2122: \u062a\u062d\u0627\u0641\u0638 \u0639\u0644\u0649 \u0631\u0637\u0648\u0628\u0629 \u0627\u0644\u0628\u0634\u0631\u0629.<br \/>\n\u2022 \u0627\u0644\u062c\u0644\u0633\u0631\u064a\u0646 \u0648\u0632\u0628\u062f\u0629 \u0627\u0644\u0634\u064a\u0627: \u062a\u0631\u0637\u064a\u0628 \u0645\u0643\u062b\u0641 \u0648\u0631\u0627\u062d\u0629 \u0644\u0644\u0628\u0634\u0631\u0629.<br \/>\n\u2022 \u0627\u0644\u0628\u0627\u0646\u062b\u064a\u0646\u0648\u0644 \u0648\u0627\u0644\u0646\u064a\u0627\u0633\u064a\u0646\u0627\u0645\u064a\u062f: \u064a\u0647\u062f\u0626\u0627\u0646 \u0627\u0644\u0628\u0634\u0631\u0629 \u0648\u064a\u0639\u0632\u0632\u0627\u0646 \u062a\u062c\u062f\u064a\u062f\u0647\u0627.<br \/>\n\u2022 \u062e\u0627\u0644\u064d \u0645\u0646 \u0627\u0644\u0639\u0637\u0648\u0631 \u0648\u0627\u0644\u0628\u0627\u0631\u0627\u0628\u064a\u0646 \u0648\u0627\u0644\u0632\u064a\u0648\u062a \u0627\u0644\u0645\u0639\u062f\u0646\u064a\u0629.<\/p>\n<p style=\"text-align: justify;\"><strong>Key features and benefits:<\/strong><br \/>\n\u2022 \u064a\u062e\u0641\u0641 \u0627\u0644\u062d\u0643\u0629 \u0648\u0627\u0644\u062a\u0647\u064a\u062c \u0627\u0644\u0645\u0631\u062a\u0628\u0637\u064a\u0646 \u0628\u0627\u0644\u0625\u0643\u0632\u064a\u0645\u0627.<br \/>\n\u2022 \u064a\u0645\u0646\u062d \u062a\u0631\u0637\u064a\u0628\u064b\u0627 \u0639\u0645\u064a\u0642\u064b\u0627 \u064a\u062f\u0648\u0645 \u062d\u062a\u0649 24 \u0633\u0627\u0639\u0629.<br \/>\n\u2022 \u064a\u0639\u064a\u062f \u0628\u0646\u0627\u0621 \u062d\u0627\u062c\u0632 \u0627\u0644\u0628\u0634\u0631\u0629 \u0648\u064a\u062d\u0645\u064a\u0647\u0627 \u0645\u0646 \u0641\u0642\u062f\u0627\u0646 \u0627\u0644\u0631\u0637\u0648\u0628\u0629.<br \/>\n\u2022 \u0645\u0646\u0627\u0633\u0628 \u0644\u0644\u0628\u0627\u0644\u063a\u064a\u0646 \u0648\u0627\u0644\u0623\u0637\u0641\u0627\u0644 \u0645\u0646 \u0639\u0645\u0631 3 \u0623\u0634\u0647\u0631 \u0641\u0623\u0643\u062b\u0631.<br \/>\n\u2022 \u0645\u0644\u0645\u0633 \u0644\u0637\u064a\u0641 \u0648\u0633\u0631\u064a\u0639 \u0627\u0644\u0627\u0645\u062a\u0635\u0627\u0635 \u0644\u0627 \u064a\u062a\u0631\u0643 \u0623\u062b\u0631\u064b\u0627 \u062f\u0647\u0646\u064a\u064b\u0627.<\/p>\n<p dir=\"ltr\" style=\"text-align: center;\">\u200e\ud83c\uddec\ud83c\udde7 Cetaphil Pro Eczema\u2011Prone Skin Restoring Moisturizer \u2013 Soothes Itchy Skin, Restores Barrier, 24h Hydration<br \/>\n\u200e\ud83c\uddeb\ud83c\uddf7 Cetaphil Pro Peau Sujette \u00e0 l\u2019Ecz\u00e9ma \u2013 Cr\u00e8me Hydratante R\u00e9paratrice, Apaise &amp; Prot\u00e8ge, Hydratation 24h<\/p>\n<p><!--EndFragment --><\/p>","protected":false},"excerpt":{"rendered":"<p>\u0645\u0646\u062a\u062c Cetaphil Pro Eczema\u2011Prone Skin Restoring Moisturizer \u0645\u0646 Cetaphil \u0647\u0648 \u062c\u0632\u0621 \u0645\u0646 \u0645\u062c\u0645\u0648\u0639\u0629 Pro \u0627\u0644\u0645\u062e\u0635\u0635\u0629 \u0644\u0644\u0628\u0634\u0631\u0629 \u0627\u0644\u062d\u0633\u0627\u0633\u0629 \u0648\u0627\u0644\u0645\u0639\u0631\u0636\u0629 \u0644\u0644\u0625\u0643\u0632\u064a\u0645\u0627. \u064a\u062d\u062a\u0648\u064a \u0639\u0644\u0649 Ceramide Technology\u2122 \u0648Filaggrin Technology\u2122 \u0627\u0644\u062a\u064a \u062a\u0633\u0627\u0639\u062f \u0639\u0644\u0649 \u0627\u0633\u062a\u0639\u0627\u062f\u0629 \u062d\u0627\u062c\u0632 \u0627\u0644\u0628\u0634\u0631\u0629 \u0627\u0644\u0637\u0628\u064a\u0639\u064a \u0648\u062a\u0639\u0632\u064a\u0632 \u0642\u062f\u0631\u062a\u0647\u0627 \u0639\u0644\u0649 \u0627\u0644\u0627\u062d\u062a\u0641\u0627\u0638 \u0628\u0627\u0644\u0631\u0637\u0648\u0628\u0629. \u0627\u0644\u062a\u0631\u0643\u064a\u0628\u0629 \u063a\u0646\u064a\u0629 \u0628\u0640 \u0627\u0644\u062c\u0644\u0633\u0631\u064a\u0646\u060c \u0632\u0628\u062f\u0629 \u0627\u0644\u0634\u064a\u0627\u060c \u0627\u0644\u0628\u0627\u0646\u062b\u064a\u0646\u0648\u0644\u060c \u0648\u0627\u0644\u0646\u064a\u0627\u0633\u064a\u0646\u0627\u0645\u064a\u062f \u0644\u062a\u0648\u0641\u064a\u0631 \u062a\u0631\u0637\u064a\u0628 \u0645\u0643\u062b\u0641 \u0648\u062a\u0647\u062f\u0626\u0629 \u0641\u0639\u0627\u0644\u0629 \u0644\u0644\u0628\u0634\u0631\u0629 \u0627\u0644\u062c\u0627\u0641\u0629 \u062c\u062f\u064b\u0627. \u0627\u0644\u0645\u0643\u0648\u0646\u0627\u062a \u0648\u0627\u0644\u062e\u0635\u0627\u0626\u0635 [&hellip;]<\/p>\n","protected":false},"featured_media":33680,"template":"","meta":[],"pwb-brand":[736],"product_brand":[],"product_cat":[1121,1137],"product_tag":[1034,697],"class_list":{"0":"post-33679","1":"product","2":"type-product","3":"status-publish","4":"has-post-thumbnail","6":"pwb-brand-cetaphil","7":"product_cat-face-moist","8":"product_cat-body-moist","9":"product_tag-1034","10":"product_tag-moisturizing","12":"first","13":"instock","14":"shipping-taxable","15":"purchasable","16":"product-type-variable","17":"has-default-attributes","18":"wvs-archive-product-wrapper"},"brands":[{"id":736,"name":"Cetaphil","slug":"cetaphil"}],"_links":{"self":[{"href":"https:\/\/gopinkish.com\/en\/wp-json\/wp\/v2\/product\/33679","targetHints":{"allow":["GET"]}}],"collection":[{"href":"https:\/\/gopinkish.com\/en\/wp-json\/wp\/v2\/product"}],"about":[{"href":"https:\/\/gopinkish.com\/en\/wp-json\/wp\/v2\/types\/product"}],"wp:featuredmedia":[{"embeddable":true,"href":"https:\/\/gopinkish.com\/en\/wp-json\/wp\/v2\/media\/33680"}],"wp:attachment":[{"href":"https:\/\/gopinkish.com\/en\/wp-json\/wp\/v2\/media?parent=33679"}],"wp:term":[{"taxonomy":"pwb-brand","embeddable":true,"href":"https:\/\/gopinkish.com\/en\/wp-json\/wp\/v2\/pwb-brand?post=33679"},{"taxonomy":"product_brand","embeddable":true,"href":"https:\/\/gopinkish.com\/en\/wp-json\/wp\/v2\/product_brand?post=33679"},{"taxonomy":"product_cat","embeddable":true,"href":"https:\/\/gopinkish.com\/en\/wp-json\/wp\/v2\/product_cat?post=33679"},{"taxonomy":"product_tag","embeddable":true,"href":"https:\/\/gopinkish.com\/en\/wp-json\/wp\/v2\/product_tag?post=33679"}],"curies":[{"name":"wp","href":"https:\/\/api.w.org\/{rel}","templated":true}]}}