{"id":33613,"date":"2025-11-19T17:09:39","date_gmt":"2025-11-19T16:09:39","guid":{"rendered":"https:\/\/gopinkish.com\/?post_type=product&#038;p=33613"},"modified":"2026-04-24T18:31:32","modified_gmt":"2026-04-24T17:31:32","slug":"8059385019437","status":"publish","type":"product","link":"https:\/\/gopinkish.com\/en\/product\/8059385019437\/","title":{"rendered":"Duo Liquid Lipstick with long-lasting shine"},"content":{"rendered":"<p><!--StartFragment --><\/p>\n<p>KIKO Unlimited Double Touch Liquid Lip Color by KIKO Milano is a two-phase innovation:<\/p>\n<ol>\n<li>First step: A pigment-rich primer that delivers intense, uniform color thanks to a blend of polymers that adhere perfectly to the lips.<\/li>\n<li>Step 2: A top coat of glossy, moisturizing gel, which adds mirror-like shine and leaves lips comfortable and soft all day long.<\/li>\n<\/ol>\n<p><strong>Key ingredients and properties:<\/strong><br \/>\n- A two-step formula: Intense Color + Mirror Shine.<br \/>\n- Lasts up to 16 hours without smudging or transferring.<br \/>\n- Enriched with moisturizers to keep lips comfortable.<br \/>\n- A creamy texture that's easy to apply thanks to a precision applicator.<\/p>\n<p><strong>Key features and benefits:<\/strong><br \/>\n- Provides rich, intense color in one stroke.<br \/>\n- My mirror shine accentuates the beauty of the lips.<br \/>\n- Long-lasting stability up to 16 hours.<br \/>\n- Smudge- and transfer-resistant.<br \/>\n- Perfect for events and evenings thanks to its elegant look.<\/p>\n<p dir=\"ltr\" style=\"text-align: center;\">\ud83c\uddec\ud83c\udde7 KIKO Unlimited Double Touch Liquid Lip Colour - 2-Step Long-Lasting Lipstick, Intense Color &amp; Glossy Finish<br \/>\n\ud83c\uddeb\ud83c\uddf7 KIKO Unlimited Double Touch Rouge \u00e0 L\u00e8vres Liquide - 2 \u00c9tapes, Couleur Intense &amp; Fini Brillant Longue Tenue<\/p>\n<p><!--EndFragment --><\/p>","protected":false},"excerpt":{"rendered":"<p>KIKO Unlimited Double Touch Liquid Lip Colour \u0645\u0646 KIKO Milano \u0647\u0648 \u0627\u0628\u062a\u0643\u0627\u0631 \u062b\u0646\u0627\u0626\u064a \u0627\u0644\u0645\u0631\u0627\u062d\u0644: \u0627\u0644\u062e\u0637\u0648\u0629 \u0627\u0644\u0623\u0648\u0644\u0649: \u0637\u0628\u0642\u0629 \u0623\u0633\u0627\u0633 \u063a\u0646\u064a\u0629 \u0628\u0627\u0644\u0623\u0635\u0628\u0627\u063a\u060c \u062a\u0645\u0646\u062d \u0644\u0648\u0646\u064b\u0627 \u0645\u0643\u062b\u0641\u064b\u0627 \u0648\u0645\u0648\u062d\u062f\u064b\u0627 \u0628\u0641\u0636\u0644 \u0645\u0632\u064a\u062c \u0645\u0646 \u0627\u0644\u0628\u0648\u0644\u064a\u0645\u0631\u0627\u062a \u0627\u0644\u062a\u064a \u062a\u0644\u062a\u0635\u0642 \u0628\u0627\u0644\u0634\u0641\u0627\u0647 \u0628\u0634\u0643\u0644 \u0645\u062b\u0627\u0644\u064a. \u0627\u0644\u062e\u0637\u0648\u0629 \u0627\u0644\u062b\u0627\u0646\u064a\u0629: \u0637\u0628\u0642\u0629 \u0639\u0644\u0648\u064a\u0629 \u0645\u0646 \u062c\u0644 \u0644\u0627\u0645\u0639 \u0648\u0645\u0631\u0637\u0628\u060c \u062a\u0636\u064a\u0641 \u0644\u0645\u0639\u0627\u0646\u064b\u0627 \u0645\u0631\u0622\u062a\u064a\u064b\u0627 \u0648\u062a\u0645\u0646\u062d \u0627\u0644\u0634\u0641\u0627\u0647 \u0631\u0627\u062d\u0629 \u0648\u0646\u0639\u0648\u0645\u0629 \u0637\u0648\u0627\u0644 \u0627\u0644\u064a\u0648\u0645. \u0627\u0644\u0645\u0643\u0648\u0646\u0627\u062a \u0648\u0627\u0644\u062e\u0635\u0627\u0626\u0635 \u0627\u0644\u0631\u0626\u064a\u0633\u064a\u0629: \u2022 \u062a\u0631\u0643\u064a\u0628\u0629 [&hellip;]<\/p>\n","protected":false},"featured_media":33654,"template":"","meta":[],"pwb-brand":[220],"product_brand":[],"product_cat":[1181],"product_tag":[],"class_list":{"0":"post-33613","1":"product","2":"type-product","3":"status-publish","4":"has-post-thumbnail","6":"pwb-brand-kiko","7":"product_cat-liquid-lipstick-makeup","9":"first","10":"instock","11":"shipping-taxable","12":"purchasable","13":"product-type-variable","14":"has-default-attributes","15":"wvs-archive-product-wrapper"},"brands":[{"id":220,"name":"Kiko Milano","slug":"kiko"}],"_links":{"self":[{"href":"https:\/\/gopinkish.com\/en\/wp-json\/wp\/v2\/product\/33613","targetHints":{"allow":["GET"]}}],"collection":[{"href":"https:\/\/gopinkish.com\/en\/wp-json\/wp\/v2\/product"}],"about":[{"href":"https:\/\/gopinkish.com\/en\/wp-json\/wp\/v2\/types\/product"}],"wp:featuredmedia":[{"embeddable":true,"href":"https:\/\/gopinkish.com\/en\/wp-json\/wp\/v2\/media\/33654"}],"wp:attachment":[{"href":"https:\/\/gopinkish.com\/en\/wp-json\/wp\/v2\/media?parent=33613"}],"wp:term":[{"taxonomy":"pwb-brand","embeddable":true,"href":"https:\/\/gopinkish.com\/en\/wp-json\/wp\/v2\/pwb-brand?post=33613"},{"taxonomy":"product_brand","embeddable":true,"href":"https:\/\/gopinkish.com\/en\/wp-json\/wp\/v2\/product_brand?post=33613"},{"taxonomy":"product_cat","embeddable":true,"href":"https:\/\/gopinkish.com\/en\/wp-json\/wp\/v2\/product_cat?post=33613"},{"taxonomy":"product_tag","embeddable":true,"href":"https:\/\/gopinkish.com\/en\/wp-json\/wp\/v2\/product_tag?post=33613"}],"curies":[{"name":"wp","href":"https:\/\/api.w.org\/{rel}","templated":true}]}}