{"id":33322,"date":"2025-11-05T23:25:12","date_gmt":"2025-11-05T22:25:12","guid":{"rendered":"https:\/\/gopinkish.com\/?post_type=product&#038;p=33322"},"modified":"2025-11-12T23:31:04","modified_gmt":"2025-11-12T22:31:04","slug":"8991111102979","status":"publish","type":"product","link":"https:\/\/gopinkish.com\/en\/product\/8991111102979\/","title":{"rendered":"An essential baby care kit with a gentle and safe formula"},"content":{"rendered":"<p><!--StartFragment --><\/p>\n<p style=\"text-align: justify;\">Johnson's Essentials Baby Gift Set by Johnson's Baby is specially designed to meet the daily care needs of newborns and toddlers. It contains essential products with a hypoallergenic formula and is free of parabens, sulfates and dyes, making it safe for sensitive skin. The set is perfect as a practical gift for new moms or for use while traveling thanks to its compact sizes.<\/p>\n<p style=\"text-align: justify;\"><strong>Key ingredients and properties:<\/strong><br \/>\n- Head-to-Toe Baby Wash &amp; Shampoo: A gentle wash and shampoo that gently cleanses hair and body without tears.<br \/>\n- Baby Body Lotion: A moisturizing lotion that gives baby's skin softness and long-lasting hydration.<br \/>\n- Desitin Diaper Rash Paste: A powerful cream to protect against diaper rash and soothe the skin.<\/p>\n<p style=\"text-align: justify;\"><strong>Key features and benefits:<\/strong><br \/>\n- A gentle formula that's safe for babies' sensitive skin.<br \/>\n- Essential products for daily baby care.<br \/>\n- Practical sizes suitable for traveling or outdoor use.<br \/>\n- Perfect as a gift for new moms.<br \/>\n- Free of harmful ingredients such as parabens, sulfates, and dyes.<\/p>\n<p dir=\"ltr\" style=\"text-align: center;\">\ud83c\uddec\ud83c\udde7 Johnson's Essentials Baby Gift Set - Gentle Care for Newborns<br \/>\n\ud83c\uddeb\ud83c\uddf7 Coffret Cadeau Johnson's Essentials B\u00e9b\u00e9 - Soin Doux pour Nouveau-n\u00e9s<\/p>\n<p><!--EndFragment --><\/p>","protected":false},"excerpt":{"rendered":"<p>\u0645\u062c\u0645\u0648\u0639\u0629 Johnson\u2019s Essentials Baby Gift Set \u0645\u0646 Johnson\u2019s Baby \u0645\u0635\u0645\u0645\u0629 \u062e\u0635\u064a\u0635\u064b\u0627 \u0644\u062a\u0644\u0628\u064a\u0629 \u0627\u062d\u062a\u064a\u0627\u062c\u0627\u062a \u0627\u0644\u0639\u0646\u0627\u064a\u0629 \u0627\u0644\u064a\u0648\u0645\u064a\u0629 \u0628\u0627\u0644\u0645\u0648\u0627\u0644\u064a\u062f \u0627\u0644\u062c\u062f\u062f \u0648\u0627\u0644\u0623\u0637\u0641\u0627\u0644 \u0627\u0644\u0635\u063a\u0627\u0631. \u062a\u062d\u062a\u0648\u064a \u0639\u0644\u0649 \u0645\u0646\u062a\u062c\u0627\u062a \u0623\u0633\u0627\u0633\u064a\u0629 \u0628\u062a\u0631\u0643\u064a\u0628\u0629 \u0647\u064a\u0628\u0648\u0627\u0644\u0631\u062c\u064a\u0646\u064a\u0643 (\u0645\u0636\u0627\u062f\u0629 \u0644\u0644\u062d\u0633\u0627\u0633\u064a\u0629) \u0648\u062e\u0627\u0644\u064a\u0629 \u0645\u0646 \u0627\u0644\u0628\u0627\u0631\u0627\u0628\u064a\u0646 \u0648\u0627\u0644\u0643\u0628\u0631\u064a\u062a\u0627\u062a \u0648\u0627\u0644\u0635\u0628\u063a\u0627\u062a\u060c \u0645\u0645\u0627 \u064a\u062c\u0639\u0644\u0647\u0627 \u0622\u0645\u0646\u0629 \u0639\u0644\u0649 \u0627\u0644\u0628\u0634\u0631\u0629 \u0627\u0644\u062d\u0633\u0627\u0633\u0629. \u0627\u0644\u0637\u0642\u0645 \u0645\u062b\u0627\u0644\u064a \u0643\u0647\u062f\u064a\u0629 \u0639\u0645\u0644\u064a\u0629 \u0644\u0644\u0623\u0645\u0647\u0627\u062a \u0627\u0644\u062c\u062f\u062f \u0623\u0648 \u0644\u0644\u0627\u0633\u062a\u062e\u062f\u0627\u0645 \u0623\u062b\u0646\u0627\u0621 \u0627\u0644\u0633\u0641\u0631 \u0628\u0641\u0636\u0644 \u0623\u062d\u062c\u0627\u0645\u0647 \u0627\u0644\u0645\u062f\u0645\u062c\u0629. \u0627\u0644\u0645\u0643\u0648\u0646\u0627\u062a \u0648\u0627\u0644\u062e\u0635\u0627\u0626\u0635 \u0627\u0644\u0631\u0626\u064a\u0633\u064a\u0629: \u2022 [&hellip;]<\/p>\n","protected":false},"featured_media":33326,"template":"","meta":[],"pwb-brand":[1401],"product_brand":[],"product_cat":[1162],"product_tag":[1031],"class_list":{"0":"post-33322","1":"product","2":"type-product","3":"status-publish","4":"has-post-thumbnail","6":"pwb-brand-johnsons","7":"product_cat-mom-baby","8":"product_tag-1031","10":"first","11":"instock","12":"shipping-taxable","13":"purchasable","14":"product-type-simple"},"brands":[{"id":1401,"name":"Johnson's","slug":"johnsons"}],"_links":{"self":[{"href":"https:\/\/gopinkish.com\/en\/wp-json\/wp\/v2\/product\/33322","targetHints":{"allow":["GET"]}}],"collection":[{"href":"https:\/\/gopinkish.com\/en\/wp-json\/wp\/v2\/product"}],"about":[{"href":"https:\/\/gopinkish.com\/en\/wp-json\/wp\/v2\/types\/product"}],"wp:featuredmedia":[{"embeddable":true,"href":"https:\/\/gopinkish.com\/en\/wp-json\/wp\/v2\/media\/33326"}],"wp:attachment":[{"href":"https:\/\/gopinkish.com\/en\/wp-json\/wp\/v2\/media?parent=33322"}],"wp:term":[{"taxonomy":"pwb-brand","embeddable":true,"href":"https:\/\/gopinkish.com\/en\/wp-json\/wp\/v2\/pwb-brand?post=33322"},{"taxonomy":"product_brand","embeddable":true,"href":"https:\/\/gopinkish.com\/en\/wp-json\/wp\/v2\/product_brand?post=33322"},{"taxonomy":"product_cat","embeddable":true,"href":"https:\/\/gopinkish.com\/en\/wp-json\/wp\/v2\/product_cat?post=33322"},{"taxonomy":"product_tag","embeddable":true,"href":"https:\/\/gopinkish.com\/en\/wp-json\/wp\/v2\/product_tag?post=33322"}],"curies":[{"name":"wp","href":"https:\/\/api.w.org\/{rel}","templated":true}]}}