{"id":32909,"date":"2025-08-05T17:46:40","date_gmt":"2025-08-05T16:46:40","guid":{"rendered":"https:\/\/gopinkish.com\/?post_type=product&#038;p=32909"},"modified":"2026-05-07T15:48:16","modified_gmt":"2026-05-07T14:48:16","slug":"3600542398046","status":"publish","type":"product","link":"https:\/\/gopinkish.com\/en\/product\/3600542398046\/","title":{"rendered":"Restorative conditioner for damaged hair with papaya extract"},"content":{"rendered":"<p style=\"text-align: justify;\">Garnier Fructis Papaya Hair Food Sp\u00fclung Conditioner is part of the Hair Food botanical collection, specially formulated for damaged hair that needs intensive care. Its formula enriched with Papaya Extract and 98% from naturally occurring ingredients repairs hair fibers, detangles easily, and leaves hair feeling soft and healthy without weighing it down.<\/p>\n<p><strong>Key ingredients and properties:<\/strong><br \/>\n- Papaya Extract: Known for its ability to repair damaged hair and boost strength.<br \/>\n- 98% Natural ingredients: A botanical formula that is gentle on the hair and scalp.<br \/>\n- Silicone-free: Doesn't weigh hair down and leaves it light and fresh.<br \/>\n- Vegan formula: Certified Vegan and free of animal ingredients.<br \/>\n- Light, creamy texture: Easy to spread and quickly absorbed.<br \/>\n- 95% biodegradable: Environmentally friendly.<\/p>\n<p><strong>Key features and benefits:<\/strong><br \/>\n- Repairs damaged hair and restores strength.<br \/>\n- It detangles easily and leaves hair soft.<br \/>\n- Gives a natural, healthy-looking shine.<br \/>\n- The silicone-free formula doesn't weigh hair down.<br \/>\n- Suitable for daily use.<\/p>\n<p dir=\"ltr\" style=\"text-align: center;\">\ud83c\uddec\ud83c\udde7 Garnier Fructis Papaya Hair Repair Conditioner for Damaged Hair<br \/>\n\ud83c\uddeb\ud83c\uddf7 Garnier Fructis Papaya Hair Food Apr\u00e8s-Shampooing R\u00e9parateur Cheveux Ab\u00eem\u00e9s<\/p>","protected":false},"excerpt":{"rendered":"<p>\u0628\u0644\u0633\u0645 Papaya Hair Food Sp\u00fclung \u0645\u0646 Garnier Fructis \u0647\u0648 \u062c\u0632\u0621 \u0645\u0646 \u0645\u062c\u0645\u0648\u0639\u0629 Hair Food \u0627\u0644\u0646\u0628\u0627\u062a\u064a\u0629\u060c \u0645\u0635\u0645\u0645 \u062e\u0635\u064a\u0635\u064b\u0627 \u0644\u0644\u0634\u0639\u0631 \u0627\u0644\u062a\u0627\u0644\u0641 \u0627\u0644\u0630\u064a \u064a\u062d\u062a\u0627\u062c \u0625\u0644\u0649 \u0639\u0646\u0627\u064a\u0629 \u0645\u0643\u062b\u0641\u0629. \u062a\u0631\u0643\u064a\u0628\u062a\u0647 \u0627\u0644\u063a\u0646\u064a\u0629 \u0628\u0640 \u062e\u0644\u0627\u0635\u0629 \u0627\u0644\u0628\u0627\u0628\u0627\u064a\u0627 \u064898% \u0645\u0646 \u0645\u0643\u0648\u0646\u0627\u062a \u0637\u0628\u064a\u0639\u064a\u0629 \u0627\u0644\u0645\u0646\u0634\u0623 \u062a\u0639\u0645\u0644 \u0639\u0644\u0649 \u0625\u0635\u0644\u0627\u062d \u0623\u0644\u064a\u0627\u0641 \u0627\u0644\u0634\u0639\u0631\u060c \u0641\u0643 \u0627\u0644\u062a\u0634\u0627\u0628\u0643 \u0628\u0633\u0647\u0648\u0644\u0629\u060c \u0648\u0645\u0646\u062d \u0627\u0644\u0634\u0639\u0631 \u0645\u0644\u0645\u0633\u064b\u0627 \u0646\u0627\u0639\u0645\u064b\u0627 \u0648\u0635\u062d\u064a\u064b\u0627 \u062f\u0648\u0646 \u0625\u062b\u0642\u0627\u0644\u0647. \u0627\u0644\u0645\u0643\u0648\u0646\u0627\u062a \u0648\u0627\u0644\u062e\u0635\u0627\u0626\u0635 \u0627\u0644\u0631\u0626\u064a\u0633\u064a\u0629: \u2022 \u062e\u0644\u0627\u0635\u0629 \u0627\u0644\u0628\u0627\u0628\u0627\u064a\u0627: [&hellip;]<\/p>\n","protected":false},"featured_media":32910,"template":"","meta":[],"pwb-brand":[218],"product_brand":[],"product_cat":[1149],"product_tag":[1035],"class_list":{"0":"post-32909","1":"product","2":"type-product","3":"status-publish","4":"has-post-thumbnail","6":"pwb-brand-garnier","7":"product_cat-hair-cond","8":"product_tag-1035","10":"first","11":"instock","12":"shipping-taxable","13":"purchasable","14":"product-type-variable","15":"has-default-attributes","16":"wvs-archive-product-wrapper"},"brands":[{"id":218,"name":"Garnier","slug":"garnier"}],"_links":{"self":[{"href":"https:\/\/gopinkish.com\/en\/wp-json\/wp\/v2\/product\/32909","targetHints":{"allow":["GET"]}}],"collection":[{"href":"https:\/\/gopinkish.com\/en\/wp-json\/wp\/v2\/product"}],"about":[{"href":"https:\/\/gopinkish.com\/en\/wp-json\/wp\/v2\/types\/product"}],"wp:featuredmedia":[{"embeddable":true,"href":"https:\/\/gopinkish.com\/en\/wp-json\/wp\/v2\/media\/32910"}],"wp:attachment":[{"href":"https:\/\/gopinkish.com\/en\/wp-json\/wp\/v2\/media?parent=32909"}],"wp:term":[{"taxonomy":"pwb-brand","embeddable":true,"href":"https:\/\/gopinkish.com\/en\/wp-json\/wp\/v2\/pwb-brand?post=32909"},{"taxonomy":"product_brand","embeddable":true,"href":"https:\/\/gopinkish.com\/en\/wp-json\/wp\/v2\/product_brand?post=32909"},{"taxonomy":"product_cat","embeddable":true,"href":"https:\/\/gopinkish.com\/en\/wp-json\/wp\/v2\/product_cat?post=32909"},{"taxonomy":"product_tag","embeddable":true,"href":"https:\/\/gopinkish.com\/en\/wp-json\/wp\/v2\/product_tag?post=32909"}],"curies":[{"name":"wp","href":"https:\/\/api.w.org\/{rel}","templated":true}]}}