{"id":31124,"date":"2025-09-10T18:38:20","date_gmt":"2025-09-10T17:38:20","guid":{"rendered":"https:\/\/gopinkish.com\/?post_type=product&#038;p=31124"},"modified":"2026-03-23T16:46:56","modified_gmt":"2026-03-23T15:46:56","slug":"3600010011361","status":"publish","type":"product","link":"https:\/\/gopinkish.com\/en\/product\/3600010011361\/","title":{"rendered":"Protective care conditioner for color-treated and colored hair"},"content":{"rendered":"<p style=\"text-align: justify;\">L'Or\u00e9al Paris Elsevier Color-Vive Protective Care Conditioner for colored hair protects colored or dyed hair from fading and provides intense shine. Its elixir-rich formula helps absorb color pigments into the hair and prolongs its luminosity. Its UVA and UVB filters protect hair fibers and hair color from the effects of the sun's rays, while its nourishing complex provides nourishment and softness. L'Or\u00e9al Paris Elsevier Color-Vive Protective Care Conditioner for color-treated hair preserves color and intense shine.<\/p>\n<p dir=\"ltr\" style=\"text-align: center;\">\ud83c\uddec\ud83c\udde7 L'Or\u00e9al Paris Elseve Color-Vive Conditioner - For Coloured Hair<br \/>\n\ud83c\uddeb\ud83c\uddf7 Apr\u00e8s-Shampooing L'Or\u00e9al Paris Elseve Color-Vive - Cheveux Color\u00e9s<\/p>","protected":false},"excerpt":{"rendered":"<p>\u0628\u0644\u0633\u0645 \u0644\u0648\u0631\u064a\u0627\u0644 \u0628\u0627\u0631\u064a\u0633 \u0625\u0644\u0633\u064a\u0641 \u0643\u0648\u0644\u0648\u0631-\u0641\u064a\u0641 \u0644\u0644\u0639\u0646\u0627\u064a\u0629 \u0627\u0644\u0648\u0642\u0627\u0626\u064a\u0629 \u0644\u0644\u0634\u0639\u0631 \u0627\u0644\u0645\u0635\u0628\u0648\u063a \u064a\u062d\u0645\u064a \u0627\u0644\u0634\u0639\u0631 \u0627\u0644\u0645\u0635\u0628\u0648\u063a \u0623\u0648 \u0627\u0644\u0645\u0644\u0648\u0646 \u0645\u0646 \u0627\u0644\u0628\u0647\u062a\u0627\u0646 \u0648\u064a\u0645\u0646\u062d\u0647 \u0644\u0645\u0639\u0627\u0646\u064b\u0627 \u0643\u062b\u064a\u0641\u064b\u0627. \u062a\u0631\u0643\u064a\u0628\u062a\u0647 \u0627\u0644\u063a\u0646\u064a\u0629 \u0628\u0627\u0644\u0625\u0643\u0633\u064a\u0631 \u062a\u0633\u0627\u0639\u062f \u0639\u0644\u0649 \u0627\u0645\u062a\u0635\u0627\u0635 \u0623\u0635\u0628\u0627\u063a \u0627\u0644\u0644\u0648\u0646 \u062f\u0627\u062e\u0644 \u0627\u0644\u0634\u0639\u0631 \u0648\u062a\u0637\u064a\u0644 \u0625\u0634\u0631\u0627\u0642\u062a\u0647. \u062a\u062d\u0645\u064a \u0641\u0644\u0627\u062a\u0631 \u0627\u0644\u0623\u0634\u0639\u0629 \u0641\u0648\u0642 \u0627\u0644\u0628\u0646\u0641\u0633\u062c\u064a\u0629 UVA \u0648UVB \u0623\u0644\u064a\u0627\u0641 \u0627\u0644\u0634\u0639\u0631 \u0648\u0644\u0648\u0646 \u0627\u0644\u0634\u0639\u0631 \u0645\u0646 \u0622\u062b\u0627\u0631 \u0623\u0634\u0639\u0629 \u0627\u0644\u0634\u0645\u0633\u060c \u0628\u064a\u0646\u0645\u0627 \u064a\u0645\u0646\u062d\u0647 \u0645\u0631\u0643\u0651\u0632\u0647 \u0627\u0644\u0645\u063a\u0630\u064a \u0627\u0644\u062a\u063a\u0630\u064a\u0629 \u0648\u0627\u0644\u0646\u0639\u0648\u0645\u0629 \u0627\u0644\u0644\u0627\u0632\u0645\u062a\u064a\u0646. \u064a\u062d\u0627\u0641\u0638 \u0628\u0644\u0633\u0645 [&hellip;]<\/p>\n","protected":false},"featured_media":31132,"template":"","meta":[],"pwb-brand":[239],"product_brand":[],"product_cat":[1149,1156],"product_tag":[1041],"class_list":{"0":"post-31124","1":"product","2":"type-product","3":"status-publish","4":"has-post-thumbnail","6":"pwb-brand-loreal","7":"product_cat-hair-cond","8":"product_cat-dyed-hair-care","9":"product_tag-1041","11":"first","12":"instock","13":"shipping-taxable","14":"purchasable","15":"product-type-variable","16":"has-default-attributes","17":"wvs-archive-product-wrapper"},"brands":[{"id":239,"name":"L'Or\u00e9al Paris","slug":"loreal"}],"_links":{"self":[{"href":"https:\/\/gopinkish.com\/en\/wp-json\/wp\/v2\/product\/31124","targetHints":{"allow":["GET"]}}],"collection":[{"href":"https:\/\/gopinkish.com\/en\/wp-json\/wp\/v2\/product"}],"about":[{"href":"https:\/\/gopinkish.com\/en\/wp-json\/wp\/v2\/types\/product"}],"wp:featuredmedia":[{"embeddable":true,"href":"https:\/\/gopinkish.com\/en\/wp-json\/wp\/v2\/media\/31132"}],"wp:attachment":[{"href":"https:\/\/gopinkish.com\/en\/wp-json\/wp\/v2\/media?parent=31124"}],"wp:term":[{"taxonomy":"pwb-brand","embeddable":true,"href":"https:\/\/gopinkish.com\/en\/wp-json\/wp\/v2\/pwb-brand?post=31124"},{"taxonomy":"product_brand","embeddable":true,"href":"https:\/\/gopinkish.com\/en\/wp-json\/wp\/v2\/product_brand?post=31124"},{"taxonomy":"product_cat","embeddable":true,"href":"https:\/\/gopinkish.com\/en\/wp-json\/wp\/v2\/product_cat?post=31124"},{"taxonomy":"product_tag","embeddable":true,"href":"https:\/\/gopinkish.com\/en\/wp-json\/wp\/v2\/product_tag?post=31124"}],"curies":[{"name":"wp","href":"https:\/\/api.w.org\/{rel}","templated":true}]}}