{"id":3060,"date":"2025-08-31T23:22:05","date_gmt":"2025-08-31T22:22:05","guid":{"rendered":"https:\/\/gopinkish.com\/?post_type=product&#038;p=3060"},"modified":"2026-02-09T17:17:08","modified_gmt":"2026-02-09T16:17:08","slug":"3760007336294","status":"publish","type":"product","link":"https:\/\/gopinkish.com\/en\/product\/3760007336294\/","title":{"rendered":"Shampoo for hair loss, shine and volume"},"content":{"rendered":"<p style=\"text-align: justify;\">Lux\u00e9ol Anti-Hair Loss Shampoo is designed to minimize hair loss while giving it visible shine and volume. It meets the needs of people who are looking to stop hair loss and who fear weakened hair. Lux\u00e9ol Anti-Hair Loss Shampoo contains a keratin derivative that helps to nourish the hair.<br \/>\nThis shampoo also perfectly cleanses the hair thanks to the surfactants, most of which are derived from natural coconut. It also moisturizes the hair with glycerin that keeps the hair highly hydrated.<\/p>\n<p style=\"text-align: justify;\">The effectiveness of Lux\u00e9ol anti-hair loss shampoo has been clinically proven according to a clinical study supervised by a medical team.<\/p>\n<p style=\"text-align: justify;\">Composition:<br \/>\nLux\u00e9ol's hair loss shampoo formula is based on a keratin extract obtained from a patented manufacturing process.<br \/>\nAqua, cocamidopropyl betaine, sodium lauroyl sarcosinate, decyl glucoside, disodium cocoyl glutamate, glycerin, glycol distearate, stearate-4, paraffin, hydrolyzed keratin, propylene glycol, phenoxyethanol, decylene glycol, stearic acid, citron.<\/p>\n<p dir=\"ltr\" style=\"text-align: center;\">\ud83c\uddec\ud83c\udde7 Lux\u00e9ol Anti-Hair Loss Shampoo - Keratin-Enriched Cleanser for Volume, Shine &amp; Reduced Hair Fall<br \/>\n\ud83c\uddeb\ud83c\uddf7 Shampooing Antichute Lux\u00e9ol - Nettoyant Enrichi en K\u00e9ratine pour Volume, Brillance &amp; R\u00e9duction de la Chute des Cheveux<\/p>","protected":false},"excerpt":{"rendered":"<p>\u062e\u062a\u0645 \u062a\u0635\u0645\u064a\u0645 \u0634\u0627\u0645\u0628\u0648 Lux\u00e9ol \u0627\u0644\u0645\u0636\u0627\u062f \u0644\u062a\u0633\u0627\u0642\u0637 \u0627\u0644\u0634\u0639\u0631 \u0644\u062a\u0642\u0644\u064a\u0644 \u062a\u0633\u0627\u0642\u0637 \u0627\u0644\u0634\u0639\u0631 \u0645\u0639 \u0625\u0639\u0637\u0627\u0626\u0647 \u0644\u0645\u0639\u0627\u0646\u064b\u0627 \u0648\u062d\u062c\u0645\u0627\u064b \u0638\u0627\u0647\u0631\u0627. \u064a\u0644\u0628\u064a \u0627\u062d\u062a\u064a\u0627\u062c\u0627\u062a \u0627\u0644\u0623\u0634\u062e\u0627\u0635 \u0627\u0644\u0630\u064a\u0646 \u064a\u062a\u0637\u0644\u0639\u0648\u0646 \u0625\u0644\u0649 \u0648\u0642\u0641 \u062a\u0633\u0627\u0642\u0637 \u0627\u0644\u0634\u0639\u0631 \u0648\u0627\u0644\u0630\u064a\u0646 \u064a\u062e\u0634\u0648\u0646 \u0636\u0639\u0641 \u0627\u0644\u0634\u0639\u0631. \u064a\u062d\u062a\u0648\u064a \u0634\u0627\u0645\u0628\u0648 Lux\u00e9ol \u0627\u0644\u0645\u0636\u0627\u062f \u0644\u062a\u0633\u0627\u0642\u0637 \u0627\u0644\u0634\u0639\u0631 \u0639\u0644\u0649 \u0623\u062d\u062f \u0645\u0634\u062a\u0642\u0627\u062a \u0627\u0644\u0643\u064a\u0631\u0627\u062a\u064a\u0646 \u0627\u0644\u062a\u064a \u062a\u0633\u0627\u0639\u062f \u0639\u0644\u0649 \u062a\u063a\u0630\u064a\u0629 \u0627\u0644\u0634\u0639\u0631. \u064a\u0642\u0648\u0645 \u0647\u0630\u0627 \u0627\u0644\u0634\u0627\u0645\u0628\u0648 \u0623\u064a\u0636\u064b\u0627 \u0628\u062a\u0646\u0638\u064a\u0641 \u0627\u0644\u0634\u0639\u0631 \u0628\u0634\u0643\u0644 \u0645\u062b\u0627\u0644\u064a \u0628\u0641\u0636\u0644 \u0627\u0644\u0645\u0648\u0627\u062f \u0627\u0644\u062e\u0627\u0641\u0636\u0629 \u0644\u0644\u062a\u0648\u062a\u0631 [&hellip;]<\/p>\n","protected":false},"featured_media":3143,"template":"","meta":[],"pwb-brand":[246],"product_brand":[],"product_cat":[1148],"product_tag":[678],"class_list":{"0":"post-3060","1":"product","2":"type-product","3":"status-publish","4":"has-post-thumbnail","6":"pwb-brand-luxeol","7":"product_cat-hair-shampoo","8":"product_tag-hairfall","10":"first","11":"outofstock","12":"shipping-taxable","13":"product-type-variable","14":"has-default-attributes","15":"wvs-archive-product-wrapper"},"brands":[{"id":246,"name":"Lux\u00e9ol","slug":"luxeol"}],"_links":{"self":[{"href":"https:\/\/gopinkish.com\/en\/wp-json\/wp\/v2\/product\/3060","targetHints":{"allow":["GET"]}}],"collection":[{"href":"https:\/\/gopinkish.com\/en\/wp-json\/wp\/v2\/product"}],"about":[{"href":"https:\/\/gopinkish.com\/en\/wp-json\/wp\/v2\/types\/product"}],"wp:featuredmedia":[{"embeddable":true,"href":"https:\/\/gopinkish.com\/en\/wp-json\/wp\/v2\/media\/3143"}],"wp:attachment":[{"href":"https:\/\/gopinkish.com\/en\/wp-json\/wp\/v2\/media?parent=3060"}],"wp:term":[{"taxonomy":"pwb-brand","embeddable":true,"href":"https:\/\/gopinkish.com\/en\/wp-json\/wp\/v2\/pwb-brand?post=3060"},{"taxonomy":"product_brand","embeddable":true,"href":"https:\/\/gopinkish.com\/en\/wp-json\/wp\/v2\/product_brand?post=3060"},{"taxonomy":"product_cat","embeddable":true,"href":"https:\/\/gopinkish.com\/en\/wp-json\/wp\/v2\/product_cat?post=3060"},{"taxonomy":"product_tag","embeddable":true,"href":"https:\/\/gopinkish.com\/en\/wp-json\/wp\/v2\/product_tag?post=3060"}],"curies":[{"name":"wp","href":"https:\/\/api.w.org\/{rel}","templated":true}]}}