{"id":30563,"date":"2025-08-30T10:10:52","date_gmt":"2025-08-30T09:10:52","guid":{"rendered":"https:\/\/gopinkish.com\/?post_type=product&#038;p=30563"},"modified":"2025-12-16T15:28:02","modified_gmt":"2025-12-16T14:28:02","slug":"8809982769897","status":"publish","type":"product","link":"https:\/\/gopinkish.com\/en\/product\/8809982769897\/","title":{"rendered":"A mask enriched with Centella asiatica extract and Super Sika 7 to soothe irritated skin"},"content":{"rendered":"<p style=\"text-align: justify;\">A soothing sheet mask designed with Super Cica 7\u2122 (containing seven types of cica extract), tea tree extract, and arginine for comprehensive soothing care. The mask is made of OEKO-TEX\u00ae certified ergonomic material. Suitable for all skin types, including sensitive skin.<\/p>\n<p>- A sheet mask enriched with Centella Asiatica Extract and Super Sika 7, which imparts a deep calming effect on irritated skin.<\/p>\n<p>- Enriched with tea tree extract to minimize impurities and prevent future breakouts.<\/p>\n<p>- Strengthens the skin barrier to restore damaged skin.<\/p>\n<p>- Deeply moisturizes to fill dry skin cells with moisture.<\/p>\n<p>- Dermatologically tested, suitable for sensitive skin.<\/p>\n<p>&nbsp;<\/p>\n<p dir=\"ltr\" style=\"text-align: center;\">\ud83c\uddec\ud83c\udde7 Medicube Super Cica Calming Mask - Soothing Sheet Mask with Centella &amp; Tea Tree for Sensitive, Irritated Skin<br \/>\n\ud83c\uddeb\ud83c\uddf7 Masque Apaisant Medicube Super Cica - Masque Tissu \u00e0 la Centella &amp; Arbre \u00e0 Th\u00e9 pour Peaux Sensibles et Irrit\u00e9es<\/p>","protected":false},"excerpt":{"rendered":"<p>\u0642\u0646\u0627\u0639 \u0648\u0631\u0642\u064a \u0645\u064f\u0647\u062f\u0626 \u0645\u064f\u0635\u0645\u0645 \u0628\u062a\u0631\u0643\u064a\u0628\u0629 Super Cica 7\u2122 (\u064a\u062d\u062a\u0648\u064a \u0639\u0644\u0649 \u0633\u0628\u0639\u0629 \u0623\u0646\u0648\u0627\u0639 \u0645\u0646 \u0645\u0633\u062a\u062e\u0644\u0635 \u0627\u0644\u0633\u064a\u0643\u0627)\u060c \u0648\u0645\u0633\u062a\u062e\u0644\u0635 \u0634\u062c\u0631\u0629 \u0627\u0644\u0634\u0627\u064a\u060c \u0648\u0627\u0644\u0623\u0631\u062c\u064a\u0646\u064a\u0646 \u0644\u0639\u0646\u0627\u064a\u0629 \u0645\u064f\u0647\u062f\u0626\u0629 \u0634\u0627\u0645\u0644\u0629. \u0627\u0644\u0642\u0646\u0627\u0639 \u0645\u0635\u0646\u0648\u0639 \u0645\u0646 \u0645\u0627\u062f\u0629 \u0645\u0631\u064a\u062d\u0629 \u0645\u0639\u062a\u0645\u062f\u0629 \u0645\u0646 OEKO-TEX\u00ae. \u0645\u0646\u0627\u0633\u0628 \u0644\u062c\u0645\u064a\u0639 \u0623\u0646\u0648\u0627\u0639 \u0627\u0644\u0628\u0634\u0631\u0629\u060c \u0628\u0645\u0627 \u0641\u064a \u0630\u0644\u0643 \u0627\u0644\u0628\u0634\u0631\u0629 \u0627\u0644\u062d\u0633\u0627\u0633\u0629. &#8211; \u0642\u0646\u0627\u0639 \u0648\u0631\u0642\u064a \u063a\u0646\u064a \u0628\u0645\u0633\u062a\u062e\u0644\u0635 \u0633\u0646\u062a\u064a\u0644\u0627 \u0622\u0633\u064a\u0627\u062a\u064a\u0643\u0627 \u0648\u0633\u0648\u0628\u0631 \u0633\u064a\u0643\u0627 7\u060c \u064a\u064f\u0636\u0641\u064a \u062a\u0623\u062b\u064a\u0631\u064b\u0627 \u0645\u064f\u0647\u062f\u0626\u064b\u0627 \u0639\u0645\u064a\u0642\u064b\u0627 \u0639\u0644\u0649 \u0627\u0644\u0628\u0634\u0631\u0629 [&hellip;]<\/p>\n","protected":false},"featured_media":30564,"template":"","meta":[],"pwb-brand":[1393],"product_brand":[],"product_cat":[1124],"product_tag":[697,687,763],"class_list":{"0":"post-30563","1":"product","2":"type-product","3":"status-publish","4":"has-post-thumbnail","6":"pwb-brand-medicube","7":"product_cat-face-mask","8":"product_tag-moisturizing","9":"product_tag-antipickel","10":"product_tag-korean-product-2","12":"first","13":"instock","14":"shipping-taxable","15":"purchasable","16":"product-type-variable","17":"has-default-attributes","18":"wvs-archive-product-wrapper"},"brands":[{"id":1393,"name":"MediCube","slug":"medicube"}],"_links":{"self":[{"href":"https:\/\/gopinkish.com\/en\/wp-json\/wp\/v2\/product\/30563","targetHints":{"allow":["GET"]}}],"collection":[{"href":"https:\/\/gopinkish.com\/en\/wp-json\/wp\/v2\/product"}],"about":[{"href":"https:\/\/gopinkish.com\/en\/wp-json\/wp\/v2\/types\/product"}],"wp:featuredmedia":[{"embeddable":true,"href":"https:\/\/gopinkish.com\/en\/wp-json\/wp\/v2\/media\/30564"}],"wp:attachment":[{"href":"https:\/\/gopinkish.com\/en\/wp-json\/wp\/v2\/media?parent=30563"}],"wp:term":[{"taxonomy":"pwb-brand","embeddable":true,"href":"https:\/\/gopinkish.com\/en\/wp-json\/wp\/v2\/pwb-brand?post=30563"},{"taxonomy":"product_brand","embeddable":true,"href":"https:\/\/gopinkish.com\/en\/wp-json\/wp\/v2\/product_brand?post=30563"},{"taxonomy":"product_cat","embeddable":true,"href":"https:\/\/gopinkish.com\/en\/wp-json\/wp\/v2\/product_cat?post=30563"},{"taxonomy":"product_tag","embeddable":true,"href":"https:\/\/gopinkish.com\/en\/wp-json\/wp\/v2\/product_tag?post=30563"}],"curies":[{"name":"wp","href":"https:\/\/api.w.org\/{rel}","templated":true}]}}