{"id":29327,"date":"2025-07-27T13:32:45","date_gmt":"2025-07-27T12:32:45","guid":{"rendered":"https:\/\/gopinkish.com\/?post_type=product&#038;p=29327"},"modified":"2026-04-27T21:32:09","modified_gmt":"2026-04-27T20:32:09","slug":"041388069555","status":"publish","type":"product","link":"https:\/\/gopinkish.com\/en\/product\/041388069555\/","title":{"rendered":"Mild to moderate acne pads for sensitive and dry skin"},"content":{"rendered":"<p style=\"text-align: justify;\">Stridex Sensitive pads are formulated with 0.5% of salicylic acid and skin-soothing ingredients, including aloe vera, to gently cleanse your skin.<\/p>\n<p style=\"text-align: justify;\">Stridex Sensitive Pads are recommended for mild to moderate acne on dry or irritable skin. These pads contain effective skin cleansers that remove dirt, oil, sweat and other impurities from the skin's surface, penetrating deep into pores and dissolving oils. They also remove impurities left behind by soap and face wash... look at the pad to see how effective it is. It also helps prevent new breakouts. Each pad is specially designed for great cleansing with great texture, whether you want to scrub or use a soft, gentle application.<\/p>\n<p style=\"text-align: justify;\">All Stridex towel formulas are completely alcohol-free, ensuring proven acne-fighting effectiveness without the annoying burning sensation. The drying and irritating effects of alcohol on the skin are well understood... Years ago, Stridex decided not to use alcohol in their pads. Traditional acne pads contain 25-40% of alcohol... the resulting redness and irritation can be more of a nuisance than the issue it's trying to solve.<\/p>\n<p style=\"text-align: justify;\">Use after washing your face in the morning or during the day for a quick cleanse.<\/p>\n<p dir=\"ltr\" style=\"text-align: center;\">\ud83c\uddec\ud83c\udde7 Stridex Sensitive Acne Pads with Aloe - 55 Count<br \/>\n\ud83c\uddeb\ud83c\uddf7 Tampons M\u00e9dicamenteux Stridex Peau Sensible \u00e0 l'Aloe - 55 units\u00e9s<\/p>\n<p style=\"text-align: justify;\">","protected":false},"excerpt":{"rendered":"<p>\u062a\u062d\u062a\u0648\u064a \u062a\u0631\u0643\u064a\u0628\u0629 \u0641\u0648\u0637 Stridex Sensitive \u0639\u0644\u0649 0.5% \u0645\u0646 \u062d\u0645\u0636 \u0627\u0644\u0633\u0627\u0644\u064a\u0633\u064a\u0644\u064a\u0643 \u0648\u0645\u0648\u0627\u062f \u062a\u0647\u062f\u0626 \u0627\u0644\u0628\u0634\u0631\u0629\u060c \u0628\u0645\u0627 \u0641\u064a \u0630\u0644\u0643 \u0627\u0644\u0635\u0628\u0627\u0631\u060c \u0644\u062a\u0646\u0638\u064a\u0641 \u0628\u0634\u0631\u062a\u0643 \u0628\u0644\u0637\u0641. \u064a\u064f\u0646\u0635\u062d \u0628\u0627\u0633\u062a\u062e\u062f\u0627\u0645 \u0641\u0648\u0637 \u0633\u062a\u0631\u0627\u064a\u062f\u0643\u0633 \u0627\u0644\u062d\u0633\u0627\u0633\u0629 \u0644\u062d\u0627\u0644\u0627\u062a \u062d\u0628 \u0627\u0644\u0634\u0628\u0627\u0628 \u0627\u0644\u062e\u0641\u064a\u0641\u0629 \u0625\u0644\u0649 \u0627\u0644\u0645\u062a\u0648\u0633\u0637\u0629 \u0639\u0644\u0649 \u0627\u0644\u0628\u0634\u0631\u0629 \u0627\u0644\u062c\u0627\u0641\u0629 \u0623\u0648 \u0633\u0631\u064a\u0639\u0629 \u0627\u0644\u062a\u0647\u064a\u062c. \u062a\u062d\u062a\u0648\u064a \u0647\u0630\u0647 \u0627\u0644\u0641\u0648\u0637 \u0639\u0644\u0649 \u0645\u0646\u0638\u0641\u0627\u062a \u0641\u0639\u0627\u0644\u0629 \u0644\u0644\u0628\u0634\u0631\u0629 \u062a\u0639\u0645\u0644 \u0639\u0644\u0649 \u0625\u0632\u0627\u0644\u0629 \u0627\u0644\u0623\u0648\u0633\u0627\u062e \u0648\u0627\u0644\u0632\u064a\u0648\u062a \u0648\u0627\u0644\u0639\u0631\u0642 \u0648\u0627\u0644\u0634\u0648\u0627\u0626\u0628 \u0627\u0644\u0623\u062e\u0631\u0649 \u0645\u0646 \u0633\u0637\u062d \u0627\u0644\u0628\u0634\u0631\u0629\u060c [&hellip;]<\/p>\n","protected":false},"featured_media":29330,"template":"","meta":[],"pwb-brand":[1462],"product_brand":[],"product_cat":[1231],"product_tag":[683],"class_list":{"0":"post-29327","1":"product","2":"type-product","3":"status-publish","4":"has-post-thumbnail","6":"pwb-brand-stridex","7":"product_cat-daily-face-care","8":"product_tag-acne","10":"first","11":"instock","12":"shipping-taxable","13":"purchasable","14":"product-type-variable","15":"has-default-attributes","16":"wvs-archive-product-wrapper"},"brands":[{"id":1462,"name":"Stridex","slug":"stridex"}],"_links":{"self":[{"href":"https:\/\/gopinkish.com\/en\/wp-json\/wp\/v2\/product\/29327","targetHints":{"allow":["GET"]}}],"collection":[{"href":"https:\/\/gopinkish.com\/en\/wp-json\/wp\/v2\/product"}],"about":[{"href":"https:\/\/gopinkish.com\/en\/wp-json\/wp\/v2\/types\/product"}],"wp:featuredmedia":[{"embeddable":true,"href":"https:\/\/gopinkish.com\/en\/wp-json\/wp\/v2\/media\/29330"}],"wp:attachment":[{"href":"https:\/\/gopinkish.com\/en\/wp-json\/wp\/v2\/media?parent=29327"}],"wp:term":[{"taxonomy":"pwb-brand","embeddable":true,"href":"https:\/\/gopinkish.com\/en\/wp-json\/wp\/v2\/pwb-brand?post=29327"},{"taxonomy":"product_brand","embeddable":true,"href":"https:\/\/gopinkish.com\/en\/wp-json\/wp\/v2\/product_brand?post=29327"},{"taxonomy":"product_cat","embeddable":true,"href":"https:\/\/gopinkish.com\/en\/wp-json\/wp\/v2\/product_cat?post=29327"},{"taxonomy":"product_tag","embeddable":true,"href":"https:\/\/gopinkish.com\/en\/wp-json\/wp\/v2\/product_tag?post=29327"}],"curies":[{"name":"wp","href":"https:\/\/api.w.org\/{rel}","templated":true}]}}