{"id":28657,"date":"2025-07-19T20:43:59","date_gmt":"2025-07-19T19:43:59","guid":{"rendered":"https:\/\/gopinkish.com\/?post_type=product&#038;p=28657"},"modified":"2026-05-15T10:29:28","modified_gmt":"2026-05-15T09:29:28","slug":"8800256118885","status":"publish","type":"product","link":"https:\/\/gopinkish.com\/en\/product\/8800256118885\/","title":{"rendered":"An elasticity-boosting capsule cream with salmon acid, collagen and niacinamide"},"content":{"rendered":"<p style=\"text-align: justify;\">An elasticity-boosting capsule cream containing salmon PDRN, collagen, and niacinamide that evens out skin tone, tightens sagging skin, and strengthens its protective barrier. This gentle, non-comedogenic product is suitable for all skin types, including sensitive and acne-prone skin.<\/p>\n<p style=\"text-align: justify;\">Features:<\/p>\n<p style=\"text-align: justify;\">- Enriched with pink collagen capsules, this cream improves uneven skin tone and boosts radiance for dull and sagging skin.<br \/>\n- The capsule maintains PDRN's firming and moisturizing effect until it is absorbed by the skin, maximizing radiance.<br \/>\n- Salmon DNA PDRN takes care of uneven skin color. Collagen and hyaluronic acid boost moisture and radiance, while niacinamide promotes a healthy-looking complexion.<br \/>\n- A lightweight, moisturizing capsule cream for radiant, hydrated skin.<\/p>\n<p dir=\"ltr\" style=\"text-align: center;\">\ud83c\uddec\ud83c\udde7 Medicube PDRN Pink Collagen Capsule Cream<br \/>\n\ud83c\uddeb\ud83c\uddf7 Cr\u00e8me \u00e0 Capsules de Collag\u00e8ne Rose PDRN Medicube<\/p>","protected":false},"excerpt":{"rendered":"<p>\u0643\u0631\u064a\u0645 \u0643\u0628\u0633\u0648\u0644\u0627\u062a \u0645\u064f\u0639\u0632\u0650\u0651\u0632 \u0644\u0645\u0631\u0648\u0646\u0629 \u0627\u0644\u0628\u0634\u0631\u0629\u060c \u064a\u062d\u062a\u0648\u064a \u0639\u0644\u0649 \u062d\u0645\u0636 PDRN \u0645\u0646 \u0633\u0645\u0643 \u0627\u0644\u0633\u0644\u0645\u0648\u0646\u060c \u0648\u0627\u0644\u0643\u0648\u0644\u0627\u062c\u064a\u0646\u060c \u0648\u0627\u0644\u0646\u064a\u0627\u0633\u064a\u0646\u0627\u0645\u064a\u062f\u060c \u064a\u064f\u0648\u062d\u0650\u0651\u062f \u0644\u0648\u0646 \u0627\u0644\u0628\u0634\u0631\u0629\u060c \u0648\u064a\u064f\u0634\u062f\u0651 \u0627\u0644\u0628\u0634\u0631\u0629 \u0627\u0644\u0645\u062a\u0631\u0647\u0644\u0629\u060c \u0648\u064a\u064f\u0642\u0648\u0651\u064a \u062d\u0627\u062c\u0632\u0647\u0627 \u0627\u0644\u0648\u0627\u0642\u064a. \u0647\u0630\u0627 \u0627\u0644\u0645\u0646\u062a\u062c \u0627\u0644\u0644\u0637\u064a\u0641 \u0648\u063a\u064a\u0631 \u0627\u0644\u0645\u064f\u0633\u0628\u0650\u0651\u0628 \u0644\u0644\u0631\u0624\u0648\u0633 \u0627\u0644\u0633\u0648\u062f\u0627\u0621 \u0645\u0646\u0627\u0633\u0628 \u0644\u062c\u0645\u064a\u0639 \u0623\u0646\u0648\u0627\u0639 \u0627\u0644\u0628\u0634\u0631\u0629\u060c \u0628\u0645\u0627 \u0641\u064a \u0630\u0644\u0643 \u0627\u0644\u0628\u0634\u0631\u0629 \u0627\u0644\u062d\u0633\u0627\u0633\u0629 \u0648\u0627\u0644\u0645\u064f\u0639\u0631\u064e\u0651\u0636\u0629 \u0644\u062d\u0628 \u0627\u0644\u0634\u0628\u0627\u0628. \u0627\u0644\u0645\u0645\u064a\u0632\u0627\u062a: &#8211; \u0643\u0631\u064a\u0645 \u063a\u0646\u064a \u0628\u0643\u0628\u0633\u0648\u0644\u0627\u062a \u0627\u0644\u0643\u0648\u0644\u0627\u062c\u064a\u0646 \u0627\u0644\u0648\u0631\u062f\u064a\u060c \u064a\u064f\u062d\u0633\u0651\u0646 \u0644\u0648\u0646 \u0627\u0644\u0628\u0634\u0631\u0629 \u063a\u064a\u0631 \u0627\u0644\u0645\u0648\u062d\u062f \u0648\u064a\u0639\u0632\u0632 [&hellip;]<\/p>\n","protected":false},"featured_media":28664,"template":"","meta":[],"pwb-brand":[1393],"product_brand":[],"product_cat":[1231,1227,1121,1123],"product_tag":[672,697,685,1013,763],"class_list":{"0":"post-28657","1":"product","2":"type-product","3":"status-publish","4":"has-post-thumbnail","6":"pwb-brand-medicube","7":"product_cat-daily-face-care","8":"product_cat-face-renew","9":"product_cat-face-moist","10":"product_cat-face-bright","11":"product_tag-wrinkles","12":"product_tag-moisturizing","13":"product_tag-brightening","14":"product_tag-1013","15":"product_tag-korean-product-2","17":"first","18":"instock","19":"shipping-taxable","20":"purchasable","21":"product-type-variable","22":"has-default-attributes","23":"wvs-archive-product-wrapper"},"brands":[{"id":1393,"name":"MediCube","slug":"medicube"}],"_links":{"self":[{"href":"https:\/\/gopinkish.com\/en\/wp-json\/wp\/v2\/product\/28657","targetHints":{"allow":["GET"]}}],"collection":[{"href":"https:\/\/gopinkish.com\/en\/wp-json\/wp\/v2\/product"}],"about":[{"href":"https:\/\/gopinkish.com\/en\/wp-json\/wp\/v2\/types\/product"}],"wp:featuredmedia":[{"embeddable":true,"href":"https:\/\/gopinkish.com\/en\/wp-json\/wp\/v2\/media\/28664"}],"wp:attachment":[{"href":"https:\/\/gopinkish.com\/en\/wp-json\/wp\/v2\/media?parent=28657"}],"wp:term":[{"taxonomy":"pwb-brand","embeddable":true,"href":"https:\/\/gopinkish.com\/en\/wp-json\/wp\/v2\/pwb-brand?post=28657"},{"taxonomy":"product_brand","embeddable":true,"href":"https:\/\/gopinkish.com\/en\/wp-json\/wp\/v2\/product_brand?post=28657"},{"taxonomy":"product_cat","embeddable":true,"href":"https:\/\/gopinkish.com\/en\/wp-json\/wp\/v2\/product_cat?post=28657"},{"taxonomy":"product_tag","embeddable":true,"href":"https:\/\/gopinkish.com\/en\/wp-json\/wp\/v2\/product_tag?post=28657"}],"curies":[{"name":"wp","href":"https:\/\/api.w.org\/{rel}","templated":true}]}}