{"id":27190,"date":"2025-06-04T01:52:23","date_gmt":"2025-06-04T00:52:23","guid":{"rendered":"https:\/\/gopinkish.com\/?post_type=product&#038;p=27190"},"modified":"2026-02-24T17:36:41","modified_gmt":"2026-02-24T16:36:41","slug":"8809647391609","status":"publish","type":"product","link":"https:\/\/gopinkish.com\/en\/product\/8809647391609\/","title":{"rendered":"Mineral sunscreen that soothes, moisturizes and softens for maximum protection"},"content":{"rendered":"<p style=\"text-align: justify;\">Som by Me's Trosica Mineral Soothing and Smoothing Cream is a soothing sunscreen against UVA and UVB rays.<\/p>\n<p style=\"text-align: justify;\">This broad-spectrum sunscreen (SPF50+ PA+++) contains 85% of moisturizing essence and is light and gentle on the skin thanks to Trosica Complex (10,000 ppm) which contains extracts of Centella Asiatica, Tea Tree, Lavender Oil, Wormwood and Absinthe that control sebum production and keep the skin clear.<\/p>\n<p style=\"text-align: justify;\">The cream also helps reduce wrinkles and brighten the skin. Leaves no white circles.<\/p>\n<p style=\"text-align: justify;\">Designed for troubled skin, especially oily skin, and oily, impure\/acneic skin.<\/p>\n<p dir=\"ltr\" style=\"text-align: center;\">\ud83c\uddec\ud83c\udde7 Some By Mi Truecica Mineral Calming Tone-Up Suncream SPF50+ PA++++<br \/>\n\ud83c\uddeb\ud83c\uddf7 Cr\u00e8me Solaire Min\u00e9rale Apaisante \u00c9claircissante Some By Mi Truecica SPF50+ PA++++<\/p>","protected":false},"excerpt":{"rendered":"<p><span style=\"color: #ff0000;\"><strong>Product expiration date May 2026<\/strong><\/span><\/p>","protected":false},"featured_media":27193,"template":"","meta":[],"pwb-brand":[735],"product_brand":[],"product_cat":[1121,1225,1144],"product_tag":[763,717],"class_list":{"0":"post-27190","1":"product","2":"type-product","3":"status-publish","4":"has-post-thumbnail","6":"pwb-brand-somebymi","7":"product_cat-face-moist","8":"product_cat-sale","9":"product_cat-face-sunscreen","10":"product_tag-korean-product-2","11":"product_tag-717","13":"first","14":"instock","15":"sale","16":"shipping-taxable","17":"purchasable","18":"product-type-variable","19":"has-default-attributes","20":"wvs-archive-product-wrapper"},"brands":[{"id":735,"name":"Some By Mi","slug":"somebymi"}],"_links":{"self":[{"href":"https:\/\/gopinkish.com\/en\/wp-json\/wp\/v2\/product\/27190","targetHints":{"allow":["GET"]}}],"collection":[{"href":"https:\/\/gopinkish.com\/en\/wp-json\/wp\/v2\/product"}],"about":[{"href":"https:\/\/gopinkish.com\/en\/wp-json\/wp\/v2\/types\/product"}],"wp:featuredmedia":[{"embeddable":true,"href":"https:\/\/gopinkish.com\/en\/wp-json\/wp\/v2\/media\/27193"}],"wp:attachment":[{"href":"https:\/\/gopinkish.com\/en\/wp-json\/wp\/v2\/media?parent=27190"}],"wp:term":[{"taxonomy":"pwb-brand","embeddable":true,"href":"https:\/\/gopinkish.com\/en\/wp-json\/wp\/v2\/pwb-brand?post=27190"},{"taxonomy":"product_brand","embeddable":true,"href":"https:\/\/gopinkish.com\/en\/wp-json\/wp\/v2\/product_brand?post=27190"},{"taxonomy":"product_cat","embeddable":true,"href":"https:\/\/gopinkish.com\/en\/wp-json\/wp\/v2\/product_cat?post=27190"},{"taxonomy":"product_tag","embeddable":true,"href":"https:\/\/gopinkish.com\/en\/wp-json\/wp\/v2\/product_tag?post=27190"}],"curies":[{"name":"wp","href":"https:\/\/api.w.org\/{rel}","templated":true}]}}