{"id":26929,"date":"2025-10-04T01:37:56","date_gmt":"2025-10-04T00:37:56","guid":{"rendered":"https:\/\/gopinkish.com\/?post_type=product&#038;p=26929"},"modified":"2025-10-05T21:49:47","modified_gmt":"2025-10-05T20:49:47","slug":"3606000512351","status":"publish","type":"product","link":"https:\/\/gopinkish.com\/en\/product\/3606000512351\/","title":{"rendered":"Vitamin C facial serum to brighten the face and restore the skin's protective barrier"},"content":{"rendered":"<p style=\"text-align: justify;\">Developed in collaboration with dermatologists, CeraVe's Vitamin C Facial Serum gives skin a visible radiance and helps restore the skin's protective barrier. The powerful antioxidant ascorbic acid (the purest form of vitamin C for the face) helps to even skin tone and brighten skin continuously while helping to protect against free radicals and providing antioxidant benefits.<\/p>\n<p style=\"text-align: justify;\">This lightweight, gentle, brightening Vitamin C serum's formula helps restore the skin's protective barrier and optimize hydration, leaving skin smooth, radiant, and healthy-looking. Paraben-free, fragrance-free, non-comedogenic.<\/p>\n<p style=\"text-align: justify;\">Main ingredients: 10% Pure Vitamin C: Formulated with 10% ascorbic acid, this formula helps visibly brighten the skin and provides antioxidant benefits. Ceramides: Essential for healthy skin, ceramides help restore and maintain the skin's natural barrier. Hyaluronic acid: This ingredient attracts moisture to the skin's surface and helps the skin retain moisture.<\/p>\n<p dir=\"ltr\" style=\"text-align: center;\">\ud83c\uddec\ud83c\udde7 CeraVe Skin Renewing Vitamin C Serum with Hyaluronic Acid<br \/>\n\ud83c\uddeb\ud83c\uddf7 S\u00e9rum Vitamine C R\u00e9g\u00e9n\u00e9rant CeraVe avec Acide Hyaluronique<\/p>","protected":false},"excerpt":{"rendered":"<p>\u062a\u0645 \u062a\u0637\u0648\u064a\u0631 \u0633\u064a\u0631\u0648\u0645 \u0641\u064a\u062a\u0627\u0645\u064a\u0646 \u0633\u064a \u0644\u0644\u0648\u062c\u0647 \u0645\u0646 \u0633\u064a\u0631\u0627\u0641\u064a \u0628\u0627\u0644\u062a\u0639\u0627\u0648\u0646 \u0645\u0639 \u0623\u0637\u0628\u0627\u0621 \u0627\u0644\u062c\u0644\u062f\u064a\u0629\u060c \u0644\u064a\u0645\u0646\u062d \u0627\u0644\u0628\u0634\u0631\u0629 \u0625\u0634\u0631\u0627\u0642\u0629 \u0648\u0627\u0636\u062d\u0629 \u0648\u064a\u0633\u0627\u0639\u062f \u0639\u0644\u0649 \u0627\u0633\u062a\u0639\u0627\u062f\u0629 \u062d\u0627\u062c\u0632 \u0627\u0644\u0628\u0634\u0631\u0629 \u0627\u0644\u0648\u0627\u0642\u064a. \u064a\u0633\u0627\u0639\u062f \u062d\u0645\u0636 \u0627\u0644\u0623\u0633\u0643\u0648\u0631\u0628\u064a\u0643 (\u0623\u0646\u0642\u0649 \u0623\u0634\u0643\u0627\u0644 \u0641\u064a\u062a\u0627\u0645\u064a\u0646 \u0633\u064a \u0644\u0644\u0648\u062c\u0647) \u0627\u0644\u0645\u0636\u0627\u062f \u0644\u0644\u0623\u0643\u0633\u062f\u0629 \u0627\u0644\u0642\u0648\u064a \u0639\u0644\u0649 \u062a\u0648\u062d\u064a\u062f \u0644\u0648\u0646 \u0627\u0644\u0628\u0634\u0631\u0629 \u0648\u062a\u0641\u062a\u064a\u062d\u0647\u0627 \u0628\u0627\u0633\u062a\u0645\u0631\u0627\u0631 \u0645\u0639 \u0627\u0644\u0645\u0633\u0627\u0639\u062f\u0629 \u0641\u064a \u0627\u0644\u062d\u0645\u0627\u064a\u0629 \u0645\u0646 \u0627\u0644\u062c\u0630\u0648\u0631 \u0627\u0644\u062d\u0631\u0629 \u0648\u062a\u0648\u0641\u064a\u0631 \u0641\u0648\u0627\u0626\u062f \u0645\u0636\u0627\u062f\u0629 \u0644\u0644\u0623\u0643\u0633\u062f\u0629. \u062a\u0633\u0627\u0639\u062f \u062a\u0631\u0643\u064a\u0628\u0629 \u0633\u064a\u0631\u0648\u0645 \u0641\u064a\u062a\u0627\u0645\u064a\u0646 \u0633\u064a [&hellip;]<\/p>\n","protected":false},"featured_media":26930,"template":"","meta":[],"pwb-brand":[222],"product_brand":[],"product_cat":[1123],"product_tag":[685],"class_list":{"0":"post-26929","1":"product","2":"type-product","3":"status-publish","4":"has-post-thumbnail","6":"pwb-brand-cerave","7":"product_cat-face-bright","8":"product_tag-brightening","10":"first","11":"instock","12":"shipping-taxable","13":"purchasable","14":"product-type-variable","15":"has-default-attributes","16":"wvs-archive-product-wrapper"},"brands":[{"id":222,"name":"CeraVe","slug":"cerave"}],"_links":{"self":[{"href":"https:\/\/gopinkish.com\/en\/wp-json\/wp\/v2\/product\/26929","targetHints":{"allow":["GET"]}}],"collection":[{"href":"https:\/\/gopinkish.com\/en\/wp-json\/wp\/v2\/product"}],"about":[{"href":"https:\/\/gopinkish.com\/en\/wp-json\/wp\/v2\/types\/product"}],"wp:featuredmedia":[{"embeddable":true,"href":"https:\/\/gopinkish.com\/en\/wp-json\/wp\/v2\/media\/26930"}],"wp:attachment":[{"href":"https:\/\/gopinkish.com\/en\/wp-json\/wp\/v2\/media?parent=26929"}],"wp:term":[{"taxonomy":"pwb-brand","embeddable":true,"href":"https:\/\/gopinkish.com\/en\/wp-json\/wp\/v2\/pwb-brand?post=26929"},{"taxonomy":"product_brand","embeddable":true,"href":"https:\/\/gopinkish.com\/en\/wp-json\/wp\/v2\/product_brand?post=26929"},{"taxonomy":"product_cat","embeddable":true,"href":"https:\/\/gopinkish.com\/en\/wp-json\/wp\/v2\/product_cat?post=26929"},{"taxonomy":"product_tag","embeddable":true,"href":"https:\/\/gopinkish.com\/en\/wp-json\/wp\/v2\/product_tag?post=26929"}],"curies":[{"name":"wp","href":"https:\/\/api.w.org\/{rel}","templated":true}]}}