{"id":26276,"date":"2025-05-18T02:04:15","date_gmt":"2025-05-18T01:04:15","guid":{"rendered":"https:\/\/gopinkish.com\/?post_type=product&#038;p=26276"},"modified":"2025-09-16T08:58:11","modified_gmt":"2025-09-16T07:58:11","slug":"3549629000215","status":"publish","type":"product","link":"https:\/\/gopinkish.com\/en\/product\/3549629000215\/","title":{"rendered":"Moisturizing olive oil body cream for normal to dry skin"},"content":{"rendered":"<p style=\"text-align: justify;\">With the \u201cLe Petit Olivier \u00e0 l'huile d'olive\u201d body care range, rediscover the benefits of this natural ingredient to moisturize dry and sensitive skin. Enriched with olive oil (5%) and glycerin, this body cream, with its creamy, non-greasy texture, is specially designed to reduce the risk of allergic reactions. It instantly soothes and permanently moisturizes the skin, leaving it soft and velvety. It protects against dryness, restores well-being and comfort.<\/p>\n<p style=\"text-align: justify;\">Moisturizing olive oil body cream for normal to dry skin. How to use: Apply once daily to the entire body and massage in.<\/p>\n<p dir=\"ltr\" style=\"text-align: center;\">Le Petit Olivier Cr\u00e8me Corps Hydratante Peaux Normales \u00e0 S\u00e8ches<\/p>","protected":false},"excerpt":{"rendered":"<p>\u0645\u0639 \u0645\u062c\u0645\u0648\u0639\u0629 \u0627\u0644\u0639\u0646\u0627\u064a\u0629 \u0628\u0627\u0644\u062c\u0633\u0645 &#8220;Le Petit Olivier \u00e0 l&#8217;huile d&#8217;olive&#8221;\u060c \u0627\u0643\u062a\u0634\u0641\u064a \u0645\u062c\u062f\u062f\u0627\u064b \u0641\u0648\u0627\u0626\u062f \u0647\u0630\u0627 \u0627\u0644\u0645\u0643\u0648\u0651\u0646 \u0627\u0644\u0637\u0628\u064a\u0639\u064a \u0644\u062a\u0631\u0637\u064a\u0628 \u0627\u0644\u0628\u0634\u0631\u0629 \u0627\u0644\u062c\u0627\u0641\u0629 \u0648\u0627\u0644\u062d\u0633\u0627\u0633\u0629. \u0643\u0631\u064a\u0645 \u0627\u0644\u062c\u0633\u0645 \u0647\u0630\u0627\u060c \u0627\u0644\u063a\u0646\u064a \u0628\u0632\u064a\u062a \u0627\u0644\u0632\u064a\u062a\u0648\u0646 (5%) \u0648\u0627\u0644\u062c\u0644\u0633\u0631\u064a\u0646\u060c \u0628\u0642\u0648\u0627\u0645\u0647 \u0627\u0644\u0643\u0631\u064a\u0645\u064a \u063a\u064a\u0631 \u0627\u0644\u062f\u0647\u0646\u064a\u060c \u0645\u064f\u0635\u0645\u0651\u0645 \u062e\u0635\u064a\u0635\u0627\u064b \u0644\u0644\u062d\u062f \u0645\u0646 \u062e\u0637\u0631 \u0627\u0644\u062d\u0633\u0627\u0633\u064a\u0629. \u064a\u064f\u0647\u062f\u0626 \u0627\u0644\u0628\u0634\u0631\u0629 \u0641\u0648\u0631\u0627\u064b \u0648\u064a\u064f\u0631\u0637\u0628\u0647\u0627 \u0628\u0634\u0643\u0644 \u062f\u0627\u0626\u0645\u060c \u0641\u062a\u0635\u0628\u062d \u0646\u0627\u0639\u0645\u0629 \u0648\u0645\u062e\u0645\u0644\u064a\u0629. \u0645\u062d\u0645\u064a \u0645\u0646 \u0627\u0644\u062c\u0641\u0627\u0641\u060c \u0648\u064a\u0633\u062a\u0639\u064a\u062f \u0639\u0627\u0641\u064a\u062a\u0647 \u0648\u0631\u0627\u062d\u062a\u0647. \u0643\u0631\u064a\u0645 \u0645\u0631\u0637\u0628 [&hellip;]<\/p>\n","protected":false},"featured_media":26280,"template":"","meta":[],"pwb-brand":[260],"product_brand":[],"product_cat":[1137],"product_tag":[697,680],"class_list":{"0":"post-26276","1":"product","2":"type-product","3":"status-publish","4":"has-post-thumbnail","6":"pwb-brand-le-petit-olivier","7":"product_cat-body-moist","8":"product_tag-moisturizing","9":"product_tag-dryness","11":"first","12":"outofstock","13":"shipping-taxable","14":"product-type-variable","15":"has-default-attributes","16":"wvs-archive-product-wrapper"},"brands":[{"id":260,"name":"Le Petit Olivier","slug":"le-petit-olivier"}],"_links":{"self":[{"href":"https:\/\/gopinkish.com\/en\/wp-json\/wp\/v2\/product\/26276","targetHints":{"allow":["GET"]}}],"collection":[{"href":"https:\/\/gopinkish.com\/en\/wp-json\/wp\/v2\/product"}],"about":[{"href":"https:\/\/gopinkish.com\/en\/wp-json\/wp\/v2\/types\/product"}],"wp:featuredmedia":[{"embeddable":true,"href":"https:\/\/gopinkish.com\/en\/wp-json\/wp\/v2\/media\/26280"}],"wp:attachment":[{"href":"https:\/\/gopinkish.com\/en\/wp-json\/wp\/v2\/media?parent=26276"}],"wp:term":[{"taxonomy":"pwb-brand","embeddable":true,"href":"https:\/\/gopinkish.com\/en\/wp-json\/wp\/v2\/pwb-brand?post=26276"},{"taxonomy":"product_brand","embeddable":true,"href":"https:\/\/gopinkish.com\/en\/wp-json\/wp\/v2\/product_brand?post=26276"},{"taxonomy":"product_cat","embeddable":true,"href":"https:\/\/gopinkish.com\/en\/wp-json\/wp\/v2\/product_cat?post=26276"},{"taxonomy":"product_tag","embeddable":true,"href":"https:\/\/gopinkish.com\/en\/wp-json\/wp\/v2\/product_tag?post=26276"}],"curies":[{"name":"wp","href":"https:\/\/api.w.org\/{rel}","templated":true}]}}