{"id":26192,"date":"2025-05-16T23:03:38","date_gmt":"2025-05-16T22:03:38","guid":{"rendered":"https:\/\/gopinkish.com\/?post_type=product&#038;p=26192"},"modified":"2025-12-13T15:37:48","modified_gmt":"2025-12-13T14:37:48","slug":"3058320002041","status":"publish","type":"product","link":"https:\/\/gopinkish.com\/en\/product\/3058320002041\/","title":{"rendered":"\u0643\u0631\u064a\u0645 \u0627\u0644\u064a\u062f\u064a\u0646 \u0627\u0644\u0648\u0627\u0642\u064a \u0645\u0646 \u0627\u0644\u062c\u0641\u0627\u0641 \u0644\u0644\u062a\u0631\u0637\u064a\u0628 \u0648 \u0627\u0644\u062a\u063a\u0630\u064a\u0629"},"content":{"rendered":"<p style=\"text-align: justify;\">\u0643\u0631\u064a\u0645 \u0627\u0644\u064a\u062f\u064a\u0646 \u0627\u0644\u0648\u0627\u0642\u064a \u0645\u0646 \u0627\u0644\u062c\u0641\u0627\u0641 \u064a\u0648\u0641\u0631 \u062a\u0631\u0637\u064a\u0628\u064b\u0627 \u0648\u062a\u063a\u0630\u064a\u0629\u064b \u064a\u062f\u0648\u0645\u0627\u0646 \u0637\u0648\u064a\u0644\u064b\u0627 \u0644\u064a\u062f\u064a\u0643. \u064a\u0648\u0645\u064b\u0627 \u0628\u0639\u062f \u064a\u0648\u0645\u060c \u064a\u062d\u0627\u0641\u0638 \u0643\u0631\u064a\u0645 \u0627\u0644\u064a\u062f\u064a\u0646 \u0627\u0644\u0648\u0627\u0642\u064a \u0645\u0646 \u0627\u0644\u062c\u0641\u0627\u0641 \u0639\u0644\u0649 \u062c\u0645\u0627\u0644 \u064a\u062f\u064a\u0643\u0650. \u0628\u0641\u0636\u0644 \u062d\u0645\u0627\u064a\u062a\u0647\u0627 \u0648\u062a\u063a\u0630\u064a\u062a\u0647\u0627 \u0648\u062a\u0631\u0637\u064a\u0628\u0647\u0627\u060c \u062a\u062d\u0627\u0641\u0638\u0627\u0646 \u0639\u0644\u0649 \u0646\u0639\u0648\u0645\u062a\u0647\u0645\u0627 \u0648\u0645\u0631\u0648\u0646\u062a\u0647\u0645\u0627.<\/p>\n<p dir=\"ltr\" style=\"text-align: center;\">MIXA Cr\u00e8me main S\u00e8ches Anti-Dess\u00e8chement Hypoallerg\u00e9nique<\/p>","protected":false},"excerpt":{"rendered":"<p>\u0643\u0631\u064a\u0645 \u0627\u0644\u064a\u062f\u064a\u0646 \u0627\u0644\u0648\u0627\u0642\u064a \u0645\u0646 \u0627\u0644\u062c\u0641\u0627\u0641 \u064a\u0648\u0641\u0631 \u062a\u0631\u0637\u064a\u0628\u064b\u0627 \u0648\u062a\u063a\u0630\u064a\u0629\u064b \u064a\u062f\u0648\u0645\u0627\u0646 \u0637\u0648\u064a\u0644\u064b\u0627 \u0644\u064a\u062f\u064a\u0643. \u064a\u0648\u0645\u064b\u0627 \u0628\u0639\u062f \u064a\u0648\u0645\u060c \u064a\u062d\u0627\u0641\u0638 \u0643\u0631\u064a\u0645 \u0627\u0644\u064a\u062f\u064a\u0646 \u0627\u0644\u0648\u0627\u0642\u064a \u0645\u0646 \u0627\u0644\u062c\u0641\u0627\u0641 \u0639\u0644\u0649 \u062c\u0645\u0627\u0644 \u064a\u062f\u064a\u0643\u0650. \u0628\u0641\u0636\u0644 \u062d\u0645\u0627\u064a\u062a\u0647\u0627 \u0648\u062a\u063a\u0630\u064a\u062a\u0647\u0627 \u0648\u062a\u0631\u0637\u064a\u0628\u0647\u0627\u060c \u062a\u062d\u0627\u0641\u0638\u0627\u0646 \u0639\u0644\u0649 \u0646\u0639\u0648\u0645\u062a\u0647\u0645\u0627 \u0648\u0645\u0631\u0648\u0646\u062a\u0647\u0645\u0627. MIXA Cr\u00e8me main S\u00e8ches Anti-Dess\u00e8chement Hypoallerg\u00e9nique<\/p>","protected":false},"featured_media":26193,"template":"","meta":[],"pwb-brand":[427],"product_brand":[],"product_cat":[1139],"product_tag":[],"class_list":{"0":"post-26192","1":"product","2":"type-product","3":"status-publish","4":"has-post-thumbnail","6":"pwb-brand-mixa","7":"product_cat-hands-care","9":"first","10":"outofstock","11":"shipping-taxable","12":"product-type-variable","13":"has-default-attributes","14":"wvs-archive-product-wrapper"},"brands":[{"id":427,"name":"Mixa","slug":"mixa"}],"_links":{"self":[{"href":"https:\/\/gopinkish.com\/en\/wp-json\/wp\/v2\/product\/26192","targetHints":{"allow":["GET"]}}],"collection":[{"href":"https:\/\/gopinkish.com\/en\/wp-json\/wp\/v2\/product"}],"about":[{"href":"https:\/\/gopinkish.com\/en\/wp-json\/wp\/v2\/types\/product"}],"wp:featuredmedia":[{"embeddable":true,"href":"https:\/\/gopinkish.com\/en\/wp-json\/wp\/v2\/media\/26193"}],"wp:attachment":[{"href":"https:\/\/gopinkish.com\/en\/wp-json\/wp\/v2\/media?parent=26192"}],"wp:term":[{"taxonomy":"pwb-brand","embeddable":true,"href":"https:\/\/gopinkish.com\/en\/wp-json\/wp\/v2\/pwb-brand?post=26192"},{"taxonomy":"product_brand","embeddable":true,"href":"https:\/\/gopinkish.com\/en\/wp-json\/wp\/v2\/product_brand?post=26192"},{"taxonomy":"product_cat","embeddable":true,"href":"https:\/\/gopinkish.com\/en\/wp-json\/wp\/v2\/product_cat?post=26192"},{"taxonomy":"product_tag","embeddable":true,"href":"https:\/\/gopinkish.com\/en\/wp-json\/wp\/v2\/product_tag?post=26192"}],"curies":[{"name":"wp","href":"https:\/\/api.w.org\/{rel}","templated":true}]}}