{"id":24259,"date":"2025-04-09T02:16:13","date_gmt":"2025-04-09T01:16:13","guid":{"rendered":"https:\/\/gopinkish.com\/?post_type=product&#038;p=24259"},"modified":"2025-08-03T14:00:50","modified_gmt":"2025-08-03T13:00:50","slug":"8700216021418","status":"publish","type":"product","link":"https:\/\/gopinkish.com\/en\/product\/8700216021418\/","title":{"rendered":"\u0627\u0648\u0644\u0648\u064a\u0632 \u0645\u0627\u0643\u0633\u064a \u0633\u0645\u064a\u0643\u0629 \u0637\u0648\u064a\u0644\u0629 \u0628\u0627\u0644\u0623\u0644\u0648\u0641\u064a\u0631\u0627 (8 \u0641\u0648\u0637)"},"content":{"rendered":"<p style=\"text-align: justify;\">\u062a\u0642\u062f\u0645 \u0641\u0648\u0637 Always Maxi Thick Long (8 \u0641\u0648\u0637) \u0631\u0627\u062d\u0629 \u0648\u062d\u0645\u0627\u064a\u0629 \u0627\u0633\u062a\u062b\u0646\u0627\u0626\u064a\u0629 \u0637\u0648\u0627\u0644 \u0627\u0644\u064a\u0648\u0645. \u0645\u0635\u0645\u0645\u0629 \u0628\u0627\u0645\u062a\u0635\u0627\u0635 \u0625\u0636\u0627\u0641\u064a \u0648\u0637\u0648\u0644 \u0623\u0643\u0628\u0631\u060c \u062a\u0636\u0645\u0646 \u0647\u0630\u0647 \u0627\u0644\u0641\u0648\u0637 \u0627\u0644\u062b\u0642\u0629 \u062e\u0644\u0627\u0644 \u062f\u0648\u0631\u062a\u0643 \u0627\u0644\u0634\u0647\u0631\u064a\u0629.<\/p>\n<p style=\"text-align: justify;\">\u0645\u062b\u0627\u0644\u064a\u0629 \u0644\u0623\u064a\u0627\u0645 \u0627\u0644\u062a\u062f\u0641\u0642 \u0627\u0644\u063a\u0632\u064a\u0631\u060c \u062a\u0648\u0641\u0631 \u0645\u0644\u0627\u0621\u0645\u0629 \u0622\u0645\u0646\u0629 \u0648\u0631\u0627\u062d\u0629 \u0642\u0635\u0648\u0649\u060c \u0645\u0645\u0627 \u064a\u062c\u0639\u0644\u0647\u0627 \u062e\u064a\u0627\u0631\u064b\u0627 \u0645\u0648\u062b\u0648\u0642\u064b\u0627 \u0644\u0644\u0646\u0633\u0627\u0621 \u0627\u0644\u0644\u0648\u0627\u062a\u064a \u064a\u0628\u062d\u062b\u0646 \u0639\u0646 \u0627\u0644\u062c\u0648\u062f\u0629 \u0648\u0627\u0644\u0623\u062f\u0627\u0621. \u0627\u062e\u062a\u0628\u0631\u064a \u0627\u0644\u0641\u0631\u0642 \u0645\u0639 \u0641\u0648\u0637 Always Maxi Thick Long \u0644\u0644\u062d\u0635\u0648\u0644 \u0639\u0644\u0649 \u062d\u0645\u0627\u064a\u0629 \u0646\u0647\u0627\u0626\u064a\u0629 \u0648\u0631\u0627\u062d\u0629 \u0627\u0644\u0628\u0627\u0644.<\/p>\n<p dir=\"ltr\" style=\"text-align: center;\">\ud83c\uddec\ud83c\udde7 Always Maxi Thick Sanitary Pads (8 Pads)<br \/>\n\ud83c\uddeb\ud83c\uddf7 Serviettes Hygi\u00e9niques Always Maxi \u00c9paisses (8 Pi\u00e8ces)<\/p>","protected":false},"excerpt":{"rendered":"<p>\u062a\u0642\u062f\u0645 \u0641\u0648\u0637 Always Maxi Thick Long (8 \u0641\u0648\u0637) \u0631\u0627\u062d\u0629 \u0648\u062d\u0645\u0627\u064a\u0629 \u0627\u0633\u062a\u062b\u0646\u0627\u0626\u064a\u0629 \u0637\u0648\u0627\u0644 \u0627\u0644\u064a\u0648\u0645. \u0645\u0635\u0645\u0645\u0629 \u0628\u0627\u0645\u062a\u0635\u0627\u0635 \u0625\u0636\u0627\u0641\u064a \u0648\u0637\u0648\u0644 \u0623\u0643\u0628\u0631\u060c \u062a\u0636\u0645\u0646 \u0647\u0630\u0647 \u0627\u0644\u0641\u0648\u0637 \u0627\u0644\u062b\u0642\u0629 \u062e\u0644\u0627\u0644 \u062f\u0648\u0631\u062a\u0643 \u0627\u0644\u0634\u0647\u0631\u064a\u0629. \u0645\u062b\u0627\u0644\u064a\u0629 \u0644\u0623\u064a\u0627\u0645 \u0627\u0644\u062a\u062f\u0641\u0642 \u0627\u0644\u063a\u0632\u064a\u0631\u060c \u062a\u0648\u0641\u0631 \u0645\u0644\u0627\u0621\u0645\u0629 \u0622\u0645\u0646\u0629 \u0648\u0631\u0627\u062d\u0629 \u0642\u0635\u0648\u0649\u060c \u0645\u0645\u0627 \u064a\u062c\u0639\u0644\u0647\u0627 \u062e\u064a\u0627\u0631\u064b\u0627 \u0645\u0648\u062b\u0648\u0642\u064b\u0627 \u0644\u0644\u0646\u0633\u0627\u0621 \u0627\u0644\u0644\u0648\u0627\u062a\u064a \u064a\u0628\u062d\u062b\u0646 \u0639\u0646 \u0627\u0644\u062c\u0648\u062f\u0629 \u0648\u0627\u0644\u0623\u062f\u0627\u0621. \u0627\u062e\u062a\u0628\u0631\u064a \u0627\u0644\u0641\u0631\u0642 \u0645\u0639 \u0641\u0648\u0637 Always Maxi Thick Long \u0644\u0644\u062d\u0635\u0648\u0644 \u0639\u0644\u0649 \u062d\u0645\u0627\u064a\u0629 [&hellip;]<\/p>\n","protected":false},"featured_media":24261,"template":"","meta":[],"pwb-brand":[1413],"product_brand":[],"product_cat":[1438],"product_tag":[],"class_list":{"0":"post-24259","1":"product","2":"type-product","3":"status-publish","4":"has-post-thumbnail","6":"pwb-brand-always","7":"product_cat-private-women-care","9":"first","10":"outofstock","11":"shipping-taxable","12":"product-type-variable","13":"has-default-attributes","14":"wvs-archive-product-wrapper"},"brands":[{"id":1413,"name":"Always","slug":"always"}],"_links":{"self":[{"href":"https:\/\/gopinkish.com\/en\/wp-json\/wp\/v2\/product\/24259","targetHints":{"allow":["GET"]}}],"collection":[{"href":"https:\/\/gopinkish.com\/en\/wp-json\/wp\/v2\/product"}],"about":[{"href":"https:\/\/gopinkish.com\/en\/wp-json\/wp\/v2\/types\/product"}],"wp:featuredmedia":[{"embeddable":true,"href":"https:\/\/gopinkish.com\/en\/wp-json\/wp\/v2\/media\/24261"}],"wp:attachment":[{"href":"https:\/\/gopinkish.com\/en\/wp-json\/wp\/v2\/media?parent=24259"}],"wp:term":[{"taxonomy":"pwb-brand","embeddable":true,"href":"https:\/\/gopinkish.com\/en\/wp-json\/wp\/v2\/pwb-brand?post=24259"},{"taxonomy":"product_brand","embeddable":true,"href":"https:\/\/gopinkish.com\/en\/wp-json\/wp\/v2\/product_brand?post=24259"},{"taxonomy":"product_cat","embeddable":true,"href":"https:\/\/gopinkish.com\/en\/wp-json\/wp\/v2\/product_cat?post=24259"},{"taxonomy":"product_tag","embeddable":true,"href":"https:\/\/gopinkish.com\/en\/wp-json\/wp\/v2\/product_tag?post=24259"}],"curies":[{"name":"wp","href":"https:\/\/api.w.org\/{rel}","templated":true}]}}