{"id":23801,"date":"2025-03-21T01:18:24","date_gmt":"2025-03-21T00:18:24","guid":{"rendered":"https:\/\/gopinkish.com\/?post_type=product&#038;p=23801"},"modified":"2026-05-13T13:05:04","modified_gmt":"2026-05-13T12:05:04","slug":"3600524072087","status":"publish","type":"product","link":"https:\/\/gopinkish.com\/en\/product\/3600524072087\/","title":{"rendered":"Glycolic Acid Brightening Cream - Lilly"},"content":{"rendered":"<p style=\"text-align: justify;\">A brightening cream with glycolic acid that visibly reduces blemishes and reveals a glowing complexion.<\/p>\n<p style=\"text-align: justify;\">The science of glycolic acid and niacinamide. Glycolic acid is the smallest and lightest of the AHA molecules and is used by dermatologists to treat dark spots.<strong> How does glycolic acid work?<\/strong> It penetrates deep into the skin and removes melanin to minimize dark spots. It also works on the surface of the skin, removing dead cells to reveal a radiant complexion.<\/p>\n<p dir=\"ltr\" style=\"text-align: center;\">\ud83c\uddec\ud83c\udde7 L'Or\u00e9al Paris Glycolic-Bright Glowing Cream Night<br \/>\n\ud83c\uddeb\ud83c\uddf7 Cr\u00e8me de Nuit \u00c9clat L'Or\u00e9al Paris Glycolic-Bright<\/p>","protected":false},"excerpt":{"rendered":"<p>\u0643\u0631\u064a\u0645 \u062a\u0641\u062a\u064a\u062d \u0627\u0644\u0628\u0634\u0631\u0629 \u0628\u062d\u0645\u0636 \u0627\u0644\u062c\u0644\u064a\u0643\u0648\u0644\u064a\u0643 \u0627\u0644\u0630\u064a \u064a\u0642\u0644\u0644 \u0645\u0646 \u0627\u0644\u0628\u0642\u0639 \u0628\u0634\u0643\u0644 \u0648\u0627\u0636\u062d \u0648\u064a\u0643\u0634\u0641 \u0639\u0646 \u0628\u0634\u0631\u0629 \u0645\u062a\u0648\u0647\u062c\u0629. \u0639\u0644\u0645 \u062d\u0645\u0636 \u0627\u0644\u062c\u0644\u064a\u0643\u0648\u0644\u064a\u0643 \u0648\u0627\u0644\u0646\u064a\u0627\u0633\u064a\u0646\u0627\u0645\u064a\u062f. \u062d\u0645\u0636 \u0627\u0644\u062c\u0644\u064a\u0643\u0648\u0644\u064a\u0643 \u0647\u0648 \u0623\u0635\u063a\u0631 \u0648\u0623\u062e\u0641 \u062c\u0632\u064a\u0626\u0627\u062a \u062d\u0645\u0636 \u0623\u0644\u0641\u0627 \u0647\u064a\u062f\u0631\u0648\u0643\u0633\u064a\u060c \u0648\u064a\u0633\u062a\u062e\u062f\u0645\u0647 \u0623\u0637\u0628\u0627\u0621 \u0627\u0644\u062c\u0644\u062f\u064a\u0629 \u0644\u0639\u0644\u0627\u062c \u0627\u0644\u0628\u0642\u0639 \u0627\u0644\u062f\u0627\u0643\u0646\u0629. \u0643\u064a\u0641 \u064a\u0639\u0645\u0644 \u062d\u0645\u0636 \u0627\u0644\u062c\u0644\u064a\u0643\u0648\u0644\u064a\u0643\u061f \u064a\u062a\u063a\u0644\u063a\u0644 \u0641\u064a \u0623\u0639\u0645\u0627\u0642 \u0627\u0644\u0628\u0634\u0631\u0629 \u0648\u064a\u0632\u064a\u0644 \u0627\u0644\u0645\u064a\u0644\u0627\u0646\u064a\u0646 \u0644\u062a\u0642\u0644\u064a\u0644 \u0627\u0644\u0628\u0642\u0639 \u0627\u0644\u062f\u0627\u0643\u0646\u0629. \u0643\u0645\u0627 \u064a\u0639\u0645\u0644 \u0639\u0644\u0649 \u0633\u0637\u062d \u0627\u0644\u0628\u0634\u0631\u0629 \u0648\u064a\u0632\u064a\u0644 \u0627\u0644\u062e\u0644\u0627\u064a\u0627 \u0627\u0644\u0645\u064a\u062a\u0629 [&hellip;]<\/p>\n","protected":false},"featured_media":23807,"template":"","meta":[],"pwb-brand":[239],"product_brand":[],"product_cat":[1123],"product_tag":[685],"class_list":{"0":"post-23801","1":"product","2":"type-product","3":"status-publish","4":"has-post-thumbnail","6":"pwb-brand-loreal","7":"product_cat-face-bright","8":"product_tag-brightening","10":"first","11":"instock","12":"shipping-taxable","13":"purchasable","14":"product-type-variable","15":"has-default-attributes","16":"wvs-archive-product-wrapper"},"brands":[{"id":239,"name":"L'Or\u00e9al Paris","slug":"loreal"}],"_links":{"self":[{"href":"https:\/\/gopinkish.com\/en\/wp-json\/wp\/v2\/product\/23801","targetHints":{"allow":["GET"]}}],"collection":[{"href":"https:\/\/gopinkish.com\/en\/wp-json\/wp\/v2\/product"}],"about":[{"href":"https:\/\/gopinkish.com\/en\/wp-json\/wp\/v2\/types\/product"}],"wp:featuredmedia":[{"embeddable":true,"href":"https:\/\/gopinkish.com\/en\/wp-json\/wp\/v2\/media\/23807"}],"wp:attachment":[{"href":"https:\/\/gopinkish.com\/en\/wp-json\/wp\/v2\/media?parent=23801"}],"wp:term":[{"taxonomy":"pwb-brand","embeddable":true,"href":"https:\/\/gopinkish.com\/en\/wp-json\/wp\/v2\/pwb-brand?post=23801"},{"taxonomy":"product_brand","embeddable":true,"href":"https:\/\/gopinkish.com\/en\/wp-json\/wp\/v2\/product_brand?post=23801"},{"taxonomy":"product_cat","embeddable":true,"href":"https:\/\/gopinkish.com\/en\/wp-json\/wp\/v2\/product_cat?post=23801"},{"taxonomy":"product_tag","embeddable":true,"href":"https:\/\/gopinkish.com\/en\/wp-json\/wp\/v2\/product_tag?post=23801"}],"curies":[{"name":"wp","href":"https:\/\/api.w.org\/{rel}","templated":true}]}}