{"id":22142,"date":"2025-01-04T12:07:33","date_gmt":"2025-01-04T11:07:33","guid":{"rendered":"https:\/\/gopinkish.com\/?post_type=product&#038;p=22142"},"modified":"2025-09-18T23:04:36","modified_gmt":"2025-09-18T22:04:36","slug":"3660005364001","status":"publish","type":"product","link":"https:\/\/gopinkish.com\/en\/product\/3660005364001\/","title":{"rendered":"Gel cream to refine the skin, remove blemishes and tighten pores"},"content":{"rendered":"<p style=\"text-align: justify;\">\u064a\u0635\u0628\u062d \u0627\u0644\u062c\u0644\u062f \u0631\u0637\u0628\u064b\u0627 \u0648\u063a\u064a\u0631 \u0644\u0627\u0645\u0639 \u0648\u064a\u062a\u0645 \u062a\u0636\u064a\u064a\u0642 \u0627\u0644\u0645\u0633\u0627\u0645. \u064a\u0633\u062a\u0639\u064a\u062f \u0627\u0644\u062c\u0644\u062f \u062a\u0648\u0627\u0632\u0646\u0647\u060c \u0648\u064a\u0635\u0628\u062d \u0623\u0643\u062b\u0631 \u0646\u0642\u0627\u0621\u064b \u0648\u062c\u0645\u0627\u0644\u0627\u064b. \u064a\u062d\u062a\u0648\u064a \u0647\u0630\u0627 \u0627\u0644\u0643\u0631\u064a\u0645 \u0639\u0644\u0649 \u062d\u0645\u0636 \u0627\u0644\u0633\u0627\u0644\u064a\u0633\u064a\u0644\u064a\u0643 \u0630\u0648 \u062e\u0635\u0627\u0626\u0635 \u062a\u0646\u0642\u064a\u0629.<\/p>\n<p style=\"text-align: justify;\"><strong>Skin type:<\/strong> \u0628\u0634\u0631\u0629 \u0628\u0647\u0627 \u0639\u064a\u0648\u0628<br \/>\n<strong>texture:<\/strong> \u0643\u0631\u064a\u0645 \u062c\u0644 \u0645\u0646\u0639\u0634 \u0648\u062e\u0641\u064a\u0641<br \/>\n<strong>How to use:<\/strong> \u0635\u0628\u0627\u062d\u0627\u064b \u0639\u0644\u0649 \u0643\u0627\u0645\u0644 \u0627\u0644\u0648\u062c\u0647<\/p>\n<p style=\"text-align: justify;\">\u0641\u0648\u0627\u0626\u062f \u0645\u0633\u062d\u0648\u0642 \u0627\u0644\u0634\u0627\u064a \u0627\u0644\u0628\u0648\u0631\u064a\u0627\u0644\u061f \u062a\u0639\u0645\u0644 \u0628\u0648\u062f\u0631\u0629 Th\u00e9 Bor\u00e9al \u0627\u0644\u062a\u064a \u062a\u0639\u064a\u062f \u0627\u0644\u062a\u0648\u0627\u0632\u0646 \u0628\u0639\u0645\u0642 \u0644\u0644\u062a\u062d\u0643\u0645 \u0641\u064a \u0627\u0644\u0644\u0645\u0639\u0627\u0646 \u0648\u062a\u0642\u0644\u064a\u0644 \u0638\u0647\u0648\u0631 \u0627\u0644\u0639\u064a\u0648\u0628 \u0648\u062a\u062d\u0633\u064a\u0646 \u0645\u0644\u0645\u0633 \u0627\u0644\u0628\u0634\u0631\u0629.<\/p>\n<p>\u064a\u0631\u0637\u0628\u060c \u064a\u0644\u0645\u0639\u060c \u0648\u064a\u0634\u062f \u0627\u0644\u0645\u0633\u0627\u0645.<\/p>\n<p dir=\"ltr\" style=\"text-align: center;\">\ud83c\uddec\ud83c\udde7 Yves Rocher Zero Blemish Gel Cream<br \/>\n\ud83c\uddeb\ud83c\uddf7 Gel Cr\u00e8me Z\u00e9ro D\u00e9faut Yves Rocher<\/p>","protected":false},"excerpt":{"rendered":"<p>\u064a\u0635\u0628\u062d \u0627\u0644\u062c\u0644\u062f \u0631\u0637\u0628\u064b\u0627 \u0648\u063a\u064a\u0631 \u0644\u0627\u0645\u0639 \u0648\u064a\u062a\u0645 \u062a\u0636\u064a\u064a\u0642 \u0627\u0644\u0645\u0633\u0627\u0645. \u064a\u0633\u062a\u0639\u064a\u062f \u0627\u0644\u062c\u0644\u062f \u062a\u0648\u0627\u0632\u0646\u0647\u060c \u0648\u064a\u0635\u0628\u062d \u0623\u0643\u062b\u0631 \u0646\u0642\u0627\u0621\u064b \u0648\u062c\u0645\u0627\u0644\u0627\u064b. \u064a\u062d\u062a\u0648\u064a \u0647\u0630\u0627 \u0627\u0644\u0643\u0631\u064a\u0645 \u0639\u0644\u0649 \u062d\u0645\u0636 \u0627\u0644\u0633\u0627\u0644\u064a\u0633\u064a\u0644\u064a\u0643 \u0630\u0648 \u062e\u0635\u0627\u0626\u0635 \u062a\u0646\u0642\u064a\u0629. \u0646\u0648\u0639 \u0627\u0644\u0628\u0634\u0631\u0629: \u0628\u0634\u0631\u0629 \u0628\u0647\u0627 \u0639\u064a\u0648\u0628 \u0627\u0644\u0645\u0644\u0645\u0633: \u0643\u0631\u064a\u0645 \u062c\u0644 \u0645\u0646\u0639\u0634 \u0648\u062e\u0641\u064a\u0641 \u0637\u0631\u064a\u0642\u0629 \u0627\u0644\u0625\u0633\u062a\u062e\u062f\u0627\u0645: \u0635\u0628\u0627\u062d\u0627\u064b \u0639\u0644\u0649 \u0643\u0627\u0645\u0644 \u0627\u0644\u0648\u062c\u0647 \u0641\u0648\u0627\u0626\u062f \u0645\u0633\u062d\u0648\u0642 \u0627\u0644\u0634\u0627\u064a \u0627\u0644\u0628\u0648\u0631\u064a\u0627\u0644\u061f \u062a\u0639\u0645\u0644 \u0628\u0648\u062f\u0631\u0629 Th\u00e9 Bor\u00e9al \u0627\u0644\u062a\u064a \u062a\u0639\u064a\u062f \u0627\u0644\u062a\u0648\u0627\u0632\u0646 \u0628\u0639\u0645\u0642 \u0644\u0644\u062a\u062d\u0643\u0645 \u0641\u064a \u0627\u0644\u0644\u0645\u0639\u0627\u0646 [&hellip;]<\/p>\n","protected":false},"featured_media":22150,"template":"","meta":[],"pwb-brand":[219],"product_brand":[],"product_cat":[1231,1121],"product_tag":[673,697],"class_list":{"0":"post-22142","1":"product","2":"type-product","3":"status-publish","4":"has-post-thumbnail","6":"pwb-brand-yves_rocher","7":"product_cat-daily-face-care","8":"product_cat-face-moist","9":"product_tag-pores","10":"product_tag-moisturizing","12":"first","13":"outofstock","14":"shipping-taxable","15":"product-type-variable","16":"has-default-attributes","17":"wvs-archive-product-wrapper"},"brands":[{"id":219,"name":"Yves Rocher","slug":"yves_rocher"}],"_links":{"self":[{"href":"https:\/\/gopinkish.com\/en\/wp-json\/wp\/v2\/product\/22142","targetHints":{"allow":["GET"]}}],"collection":[{"href":"https:\/\/gopinkish.com\/en\/wp-json\/wp\/v2\/product"}],"about":[{"href":"https:\/\/gopinkish.com\/en\/wp-json\/wp\/v2\/types\/product"}],"wp:featuredmedia":[{"embeddable":true,"href":"https:\/\/gopinkish.com\/en\/wp-json\/wp\/v2\/media\/22150"}],"wp:attachment":[{"href":"https:\/\/gopinkish.com\/en\/wp-json\/wp\/v2\/media?parent=22142"}],"wp:term":[{"taxonomy":"pwb-brand","embeddable":true,"href":"https:\/\/gopinkish.com\/en\/wp-json\/wp\/v2\/pwb-brand?post=22142"},{"taxonomy":"product_brand","embeddable":true,"href":"https:\/\/gopinkish.com\/en\/wp-json\/wp\/v2\/product_brand?post=22142"},{"taxonomy":"product_cat","embeddable":true,"href":"https:\/\/gopinkish.com\/en\/wp-json\/wp\/v2\/product_cat?post=22142"},{"taxonomy":"product_tag","embeddable":true,"href":"https:\/\/gopinkish.com\/en\/wp-json\/wp\/v2\/product_tag?post=22142"}],"curies":[{"name":"wp","href":"https:\/\/api.w.org\/{rel}","templated":true}]}}