{"id":21898,"date":"2024-12-29T15:09:34","date_gmt":"2024-12-29T14:09:34","guid":{"rendered":"https:\/\/gopinkish.com\/?post_type=product&#038;p=21898"},"modified":"2026-04-20T15:01:16","modified_gmt":"2026-04-20T14:01:16","slug":"8809640734595","status":"publish","type":"product","link":"https:\/\/gopinkish.com\/en\/product\/8809640734595\/","title":{"rendered":"An effective brightening serum with retinol and niacinamide to smooth fine lines and improve hyperpigmentation"},"content":{"rendered":"<p style=\"text-align: justify;\">This is the renewed version of Nano Retinol 0.3% + Niacin Renewing Serum. Only the product title and packaging have been changed.<\/p>\n<p style=\"text-align: justify;\"><strong>Benefits:<\/strong><\/p>\n<p style=\"text-align: justify;\">- A powerful brightening serum enriched with retinol and niacinamide to smooth fine lines and improve hyperpigmentation, while restoring skin elasticity.<br \/>\n- Enriched with 8 types of peptide to amplify the moisturizing effect and further reduce wrinkles, while minimizing the appearance of pores and strengthening sagging skin.<br \/>\n- Blended with a moisturizing and soothing formula that includes ingredients such as tea tree leaf oil, caraba guianensis seed oil, and ceramides.<br \/>\nSkin irritation test done, suitable for sensitive skin.<\/p>\n<p style=\"text-align: justify;\"><strong>How to use:<\/strong><br \/>\n1. During your evening skincare routine, apply less than half the amount of serum you normally use on the skin.<br \/>\n2. When using in the morning, apply an adequate amount of sunscreen afterward.<br \/>\n3. For the first two weeks of use, use it every other day to allow your skin to gradually get used to it.<\/p>\n<p dir=\"ltr\" style=\"text-align: center;\">\ud83c\uddec\ud83c\udde7 Anua Retinol 0.3% + Niacin Renewing Serum<br \/>\n\ud83c\uddeb\ud83c\uddf7 S\u00e9rum R\u00e9g\u00e9n\u00e9rant Anua au R\u00e9tinol 0,3 % et Niacine<\/p>","protected":false},"excerpt":{"rendered":"<p><span style=\"color: #ff0000;\"><strong>Product expiration date March 2026<\/strong><\/span><\/p>","protected":false},"featured_media":21904,"template":"","meta":[],"pwb-brand":[1244],"product_brand":[],"product_cat":[1227,1123,1230],"product_tag":[685,1013,671,763],"class_list":{"0":"post-21898","1":"product","2":"type-product","3":"status-publish","4":"has-post-thumbnail","6":"pwb-brand-anua","7":"product_cat-face-renew","8":"product_cat-face-bright","9":"product_cat-face-serum","10":"product_tag-brightening","11":"product_tag-1013","12":"product_tag-pigmentation","13":"product_tag-korean-product-2","15":"first","16":"instock","17":"shipping-taxable","18":"purchasable","19":"product-type-variable","20":"has-default-attributes","21":"wvs-archive-product-wrapper"},"brands":[{"id":1244,"name":"Anua","slug":"anua"}],"_links":{"self":[{"href":"https:\/\/gopinkish.com\/en\/wp-json\/wp\/v2\/product\/21898","targetHints":{"allow":["GET"]}}],"collection":[{"href":"https:\/\/gopinkish.com\/en\/wp-json\/wp\/v2\/product"}],"about":[{"href":"https:\/\/gopinkish.com\/en\/wp-json\/wp\/v2\/types\/product"}],"wp:featuredmedia":[{"embeddable":true,"href":"https:\/\/gopinkish.com\/en\/wp-json\/wp\/v2\/media\/21904"}],"wp:attachment":[{"href":"https:\/\/gopinkish.com\/en\/wp-json\/wp\/v2\/media?parent=21898"}],"wp:term":[{"taxonomy":"pwb-brand","embeddable":true,"href":"https:\/\/gopinkish.com\/en\/wp-json\/wp\/v2\/pwb-brand?post=21898"},{"taxonomy":"product_brand","embeddable":true,"href":"https:\/\/gopinkish.com\/en\/wp-json\/wp\/v2\/product_brand?post=21898"},{"taxonomy":"product_cat","embeddable":true,"href":"https:\/\/gopinkish.com\/en\/wp-json\/wp\/v2\/product_cat?post=21898"},{"taxonomy":"product_tag","embeddable":true,"href":"https:\/\/gopinkish.com\/en\/wp-json\/wp\/v2\/product_tag?post=21898"}],"curies":[{"name":"wp","href":"https:\/\/api.w.org\/{rel}","templated":true}]}}