{"id":21616,"date":"2024-12-05T00:45:06","date_gmt":"2024-12-04T23:45:06","guid":{"rendered":"https:\/\/gopinkish.com\/?post_type=product&#038;p=21616"},"modified":"2025-11-04T15:53:00","modified_gmt":"2025-11-04T14:53:00","slug":"3474636506132","status":"publish","type":"product","link":"https:\/\/gopinkish.com\/en\/product\/3474636506132\/","title":{"rendered":"Silicone-free nourishing shampoo for dry hair"},"content":{"rendered":"<p style=\"text-align: justify;\">A silicone-free, nourishing shampoo for dry hair. Helps to gently cleanse hair without drying it out. Contains glycerin and coconut oil to deliver the right dose of nourishment. Deeply moisturizes hair without weighing it down. Leaves hair soft and shiny.<\/p>\n<p dir=\"ltr\" style=\"text-align: center;\">\ud83c\uddec\ud83c\udde7 L'Or\u00e9al Professionnel S\u00e9rie Expert Nutrifier Shampoo with Glycerol &amp; Coconut Oil - 500 ml<br \/>\n\ud83c\uddeb\ud83c\uddf7 Shampooing Nourrissant S\u00e9rie Expert Nutrifier \u00e0 la Glyc\u00e9rol et Huile de Coco - 500 ml L'Or\u00e9al Professionnel<\/p>","protected":false},"excerpt":{"rendered":"<p>\u0634\u0627\u0645\u0628\u0648 \u0645\u063a\u0630\u064a \u062e\u0627\u0644\u064d \u0645\u0646 \u0627\u0644\u0633\u064a\u0644\u064a\u0643\u0648\u0646 \u0644\u0644\u0634\u0639\u0631 \u0627\u0644\u062c\u0627\u0641. \u064a\u0633\u0627\u0639\u062f \u0639\u0644\u0649 \u062a\u0646\u0638\u064a\u0641 \u0627\u0644\u0634\u0639\u0631 \u0628\u0644\u0637\u0641 \u062f\u0648\u0646 \u062a\u062c\u0641\u064a\u0641\u0647. \u064a\u062d\u062a\u0648\u064a \u0639\u0644\u0649 \u0627\u0644\u062c\u0644\u0633\u0631\u064a\u0646 \u0648\u0632\u064a\u062a \u062c\u0648\u0632 \u0627\u0644\u0647\u0646\u062f \u0644\u062a\u0648\u0635\u064a\u0644 \u0627\u0644\u062c\u0631\u0639\u0629 \u0627\u0644\u0645\u0646\u0627\u0633\u0628\u0629 \u0645\u0646 \u0627\u0644\u062a\u063a\u0630\u064a\u0629. \u064a\u0631\u0637\u0628 \u0627\u0644\u0634\u0639\u0631 \u0628\u0639\u0645\u0642 \u062f\u0648\u0646 \u0625\u0631\u0647\u0627\u0642\u0647. \u064a\u062a\u0631\u0643 \u0627\u0644\u0634\u0639\u0631 \u0646\u0627\u0639\u0645\u064b\u0627 \u0648\u0644\u0627\u0645\u0639\u064b\u0627. \ud83c\uddec\ud83c\udde7 L&#8217;Or\u00e9al Professionnel S\u00e9rie Expert Nutrifier Shampoo with Glycerol &amp; Coconut Oil \u2013 500 ml \ud83c\uddeb\ud83c\uddf7 Shampooing Nourrissant S\u00e9rie Expert Nutrifier [&hellip;]<\/p>\n","protected":false},"featured_media":21617,"template":"","meta":[],"pwb-brand":[239],"product_brand":[],"product_cat":[1148,1225],"product_tag":[1061],"class_list":{"0":"post-21616","1":"product","2":"type-product","3":"status-publish","4":"has-post-thumbnail","6":"pwb-brand-loreal","7":"product_cat-hair-shampoo","8":"product_cat-sale","9":"product_tag-1061","11":"first","12":"outofstock","13":"shipping-taxable","14":"product-type-variable","15":"has-default-attributes","16":"wvs-archive-product-wrapper"},"brands":[{"id":239,"name":"L'Or\u00e9al Paris","slug":"loreal"}],"_links":{"self":[{"href":"https:\/\/gopinkish.com\/en\/wp-json\/wp\/v2\/product\/21616","targetHints":{"allow":["GET"]}}],"collection":[{"href":"https:\/\/gopinkish.com\/en\/wp-json\/wp\/v2\/product"}],"about":[{"href":"https:\/\/gopinkish.com\/en\/wp-json\/wp\/v2\/types\/product"}],"wp:featuredmedia":[{"embeddable":true,"href":"https:\/\/gopinkish.com\/en\/wp-json\/wp\/v2\/media\/21617"}],"wp:attachment":[{"href":"https:\/\/gopinkish.com\/en\/wp-json\/wp\/v2\/media?parent=21616"}],"wp:term":[{"taxonomy":"pwb-brand","embeddable":true,"href":"https:\/\/gopinkish.com\/en\/wp-json\/wp\/v2\/pwb-brand?post=21616"},{"taxonomy":"product_brand","embeddable":true,"href":"https:\/\/gopinkish.com\/en\/wp-json\/wp\/v2\/product_brand?post=21616"},{"taxonomy":"product_cat","embeddable":true,"href":"https:\/\/gopinkish.com\/en\/wp-json\/wp\/v2\/product_cat?post=21616"},{"taxonomy":"product_tag","embeddable":true,"href":"https:\/\/gopinkish.com\/en\/wp-json\/wp\/v2\/product_tag?post=21616"}],"curies":[{"name":"wp","href":"https:\/\/api.w.org\/{rel}","templated":true}]}}