{"id":20958,"date":"2024-12-06T00:20:00","date_gmt":"2024-12-05T23:20:00","guid":{"rendered":"https:\/\/gopinkish.com\/?post_type=product&#038;p=20958"},"modified":"2025-11-03T10:11:25","modified_gmt":"2025-11-03T09:11:25","slug":"7509552912920","status":"publish","type":"product","link":"https:\/\/gopinkish.com\/en\/product\/7509552912920\/","title":{"rendered":"\u0643\u0631\u064a\u0645 \u062a\u0635\u0641\u064a\u0641 \u0644\u062a\u0642\u0648\u064a\u0629 \u0627\u0644\u0634\u0639\u0631 \u0627\u0644\u0636\u0639\u064a\u0641 \u0648\u0645\u0646\u0639 \u0627\u0644\u062a\u0633\u0627\u0642\u0637"},"content":{"rendered":"<p style=\"text-align: justify;\"><!--StartFragment --><\/p>\n<p style=\"text-align: justify;\">Styling cream <strong>L\u2019Or\u00e9al Elvive Ca\u00edda Resist X3 Crema para Peinar<\/strong> \u0647\u0648 \u0639\u0646\u0627\u064a\u0629 \u064a\u0648\u0645\u064a\u0629 \u0644\u0644\u0634\u0639\u0631 \u0627\u0644\u0636\u0639\u064a\u0641 \u0648\u0627\u0644\u0645\u0639\u0631\u0636 \u0644\u0644\u062a\u0633\u0627\u0642\u0637 \u0628\u0633\u0628\u0628 \u0627\u0644\u062a\u0643\u0633\u0631. \u062a\u0631\u0643\u064a\u0628\u062a\u0647 \u0627\u0644\u063a\u0646\u064a\u0629 \u0628\u0640 <strong>\u0627\u0644\u0623\u0631\u062c\u064a\u0646\u064a\u0646 + \u0641\u064a\u062a\u0627\u0645\u064a\u0646 B3<\/strong> \u062a\u0639\u0645\u0644 \u0639\u0644\u0649 \u062a\u063a\u0630\u064a\u0629 \u0623\u0644\u064a\u0627\u0641 \u0627\u0644\u0634\u0639\u0631 \u0645\u0646 \u0627\u0644\u062c\u0630\u0648\u0631 \u062d\u062a\u0649 \u0627\u0644\u0623\u0637\u0631\u0627\u0641\u060c \u0648\u062a\u062d\u0641\u064a\u0632 \u062a\u0628\u0627\u062f\u0644 \u0627\u0644\u0639\u0646\u0627\u0635\u0631 \u0627\u0644\u063a\u0630\u0627\u0626\u064a\u0629 \u062f\u0627\u062e\u0644 \u0641\u0631\u0648\u0629 \u0627\u0644\u0631\u0623\u0633\u060c \u0645\u0645\u0627 \u064a\u0645\u0646\u062d \u0627\u0644\u0634\u0639\u0631 \u0642\u0648\u0629 \u0648\u0645\u062a\u0627\u0646\u0629 \u0623\u0643\u0628\u0631.<\/p>\n<p style=\"text-align: justify;\">\u0628\u0641\u0636\u0644 \u0627\u0633\u062a\u062e\u062f\u0627\u0645\u0647 \u0627\u0644\u0645\u0646\u062a\u0638\u0645\u060c \u064a\u0635\u0628\u062d \u0627\u0644\u0634\u0639\u0631 \u062d\u062a\u0649 <strong>4 \u0645\u0631\u0627\u062a \u0623\u0643\u062b\u0631 \u0645\u0642\u0627\u0648\u0645\u0629 \u0644\u0644\u062a\u0643\u0633\u0631<\/strong>\u060c \u0623\u0643\u062b\u0631 \u0643\u062b\u0627\u0641\u0629\u060c \u0648\u0623\u0633\u0647\u0644 \u0641\u064a \u0627\u0644\u062a\u0635\u0641\u064a\u0641. \u062a\u0631\u0643\u064a\u0628\u062a\u0647 \u062e\u0641\u064a\u0641\u0629 \u0644\u0627 \u062a\u062b\u0642\u0644 \u0627\u0644\u0634\u0639\u0631\u060c \u0648\u064a\u0645\u0643\u0646 \u062a\u0637\u0628\u064a\u0642\u0647\u0627 \u064a\u0648\u0645\u064a\u064b\u0627 \u0639\u0644\u0649 \u0627\u0644\u0634\u0639\u0631 \u0627\u0644\u0631\u0637\u0628 \u0623\u0648 \u0627\u0644\u062c\u0627\u0641 \u062f\u0648\u0646 \u0627\u0644\u062d\u0627\u062c\u0629 \u0625\u0644\u0649 \u0634\u0637\u0641.<\/p>\n<p style=\"text-align: justify;\"><strong>Key features and benefits:<\/strong><br \/>\n\u2022 \u064a\u0642\u0648\u064a \u0627\u0644\u0634\u0639\u0631 \u0627\u0644\u0636\u0639\u064a\u0641 \u0648\u064a\u0642\u0644\u0644 \u0645\u0646 \u062a\u0633\u0627\u0642\u0637\u0647 \u0627\u0644\u0646\u0627\u062a\u062c \u0639\u0646 \u0627\u0644\u062a\u0643\u0633\u0631.<br \/>\n\u2022 \u063a\u0646\u064a \u0628\u0627\u0644\u0623\u0631\u062c\u064a\u0646\u064a\u0646 \u0648\u0641\u064a\u062a\u0627\u0645\u064a\u0646 B3 \u0644\u062a\u063a\u0630\u064a\u0629 \u0648\u062a\u0642\u0648\u064a\u0629 \u0627\u0644\u0623\u0644\u064a\u0627\u0641.<br \/>\n\u2022 \u064a\u062c\u0639\u0644 \u0627\u0644\u0634\u0639\u0631 \u062d\u062a\u0649 4 \u0645\u0631\u0627\u062a \u0623\u0643\u062b\u0631 \u0645\u0642\u0627\u0648\u0645\u0629.<br \/>\n\u2022 \u064a\u062d\u0641\u0632 \u062a\u0628\u0627\u062f\u0644 \u0627\u0644\u0639\u0646\u0627\u0635\u0631 \u0627\u0644\u063a\u0630\u0627\u0626\u064a\u0629 \u0641\u064a \u0641\u0631\u0648\u0629 \u0627\u0644\u0631\u0623\u0633.<br \/>\n\u2022 \u064a\u062a\u0631\u0643 \u0627\u0644\u0634\u0639\u0631 \u0623\u0643\u062b\u0631 \u0643\u062b\u0627\u0641\u0629 \u0648\u062d\u064a\u0648\u064a\u0629.<br \/>\n\u2022 \u062a\u0631\u0643\u064a\u0628\u0629 \u062e\u0641\u064a\u0641\u0629 \u0644\u0627 \u062a\u062b\u0642\u0644 \u0627\u0644\u0634\u0639\u0631.<br \/>\n\u2022 \u064a\u0633\u062a\u062e\u062f\u0645 \u0628\u062f\u0648\u0646 \u0634\u0637\u0641\u060c \u0639\u0644\u0649 \u0627\u0644\u0634\u0639\u0631 \u0627\u0644\u0631\u0637\u0628 \u0623\u0648 \u0627\u0644\u062c\u0627\u0641.<br \/>\n\u2022 \u0645\u062b\u0627\u0644\u064a \u0644\u0644\u0634\u0639\u0631 \u0627\u0644\u0636\u0639\u064a\u0641 \u0648\u0627\u0644\u0645\u0639\u0631\u0636 \u0644\u0644\u062a\u0633\u0627\u0642\u0637.<\/p>\n<p dir=\"ltr\" style=\"text-align: center;\">\u200e\ud83c\uddec\ud83c\udde7 L\u2019Or\u00e9al Elvive Ca\u00edda Resist X3 Fortifying Leave-In Cream<br \/>\n\u200e\ud83c\uddeb\ud83c\uddf7 L\u2019Or\u00e9al Elvive Ca\u00edda Resist X3 Cr\u00e8me de Coiffage Fortifiante<\/p>\n<p style=\"text-align: justify;\"><!--EndFragment --><\/p>","protected":false},"excerpt":{"rendered":"<p>\u0643\u0631\u064a\u0645 \u0627\u0644\u062a\u0635\u0641\u064a\u0641 L\u2019Or\u00e9al Elvive Ca\u00edda Resist X3 Crema para Peinar \u0647\u0648 \u0639\u0646\u0627\u064a\u0629 \u064a\u0648\u0645\u064a\u0629 \u0644\u0644\u0634\u0639\u0631 \u0627\u0644\u0636\u0639\u064a\u0641 \u0648\u0627\u0644\u0645\u0639\u0631\u0636 \u0644\u0644\u062a\u0633\u0627\u0642\u0637 \u0628\u0633\u0628\u0628 \u0627\u0644\u062a\u0643\u0633\u0631. \u062a\u0631\u0643\u064a\u0628\u062a\u0647 \u0627\u0644\u063a\u0646\u064a\u0629 \u0628\u0640 \u0627\u0644\u0623\u0631\u062c\u064a\u0646\u064a\u0646 + \u0641\u064a\u062a\u0627\u0645\u064a\u0646 B3 \u062a\u0639\u0645\u0644 \u0639\u0644\u0649 \u062a\u063a\u0630\u064a\u0629 \u0623\u0644\u064a\u0627\u0641 \u0627\u0644\u0634\u0639\u0631 \u0645\u0646 \u0627\u0644\u062c\u0630\u0648\u0631 \u062d\u062a\u0649 \u0627\u0644\u0623\u0637\u0631\u0627\u0641\u060c \u0648\u062a\u062d\u0641\u064a\u0632 \u062a\u0628\u0627\u062f\u0644 \u0627\u0644\u0639\u0646\u0627\u0635\u0631 \u0627\u0644\u063a\u0630\u0627\u0626\u064a\u0629 \u062f\u0627\u062e\u0644 \u0641\u0631\u0648\u0629 \u0627\u0644\u0631\u0623\u0633\u060c \u0645\u0645\u0627 \u064a\u0645\u0646\u062d \u0627\u0644\u0634\u0639\u0631 \u0642\u0648\u0629 \u0648\u0645\u062a\u0627\u0646\u0629 \u0623\u0643\u0628\u0631. \u0628\u0641\u0636\u0644 \u0627\u0633\u062a\u062e\u062f\u0627\u0645\u0647 \u0627\u0644\u0645\u0646\u062a\u0638\u0645\u060c \u064a\u0635\u0628\u062d \u0627\u0644\u0634\u0639\u0631 \u062d\u062a\u0649 4 [&hellip;]<\/p>\n","protected":false},"featured_media":20959,"template":"","meta":[],"pwb-brand":[239],"product_brand":[],"product_cat":[1152,1225],"product_tag":[678,677,750],"class_list":{"0":"post-20958","1":"product","2":"type-product","3":"status-publish","4":"has-post-thumbnail","6":"pwb-brand-loreal","7":"product_cat-hair-cream","8":"product_cat-sale","9":"product_tag-hairfall","10":"product_tag-brokenhair","11":"product_tag-750","13":"first","14":"outofstock","15":"shipping-taxable","16":"product-type-variable","17":"has-default-attributes","18":"wvs-archive-product-wrapper"},"brands":[{"id":239,"name":"L'Or\u00e9al Paris","slug":"loreal"}],"_links":{"self":[{"href":"https:\/\/gopinkish.com\/en\/wp-json\/wp\/v2\/product\/20958","targetHints":{"allow":["GET"]}}],"collection":[{"href":"https:\/\/gopinkish.com\/en\/wp-json\/wp\/v2\/product"}],"about":[{"href":"https:\/\/gopinkish.com\/en\/wp-json\/wp\/v2\/types\/product"}],"wp:featuredmedia":[{"embeddable":true,"href":"https:\/\/gopinkish.com\/en\/wp-json\/wp\/v2\/media\/20959"}],"wp:attachment":[{"href":"https:\/\/gopinkish.com\/en\/wp-json\/wp\/v2\/media?parent=20958"}],"wp:term":[{"taxonomy":"pwb-brand","embeddable":true,"href":"https:\/\/gopinkish.com\/en\/wp-json\/wp\/v2\/pwb-brand?post=20958"},{"taxonomy":"product_brand","embeddable":true,"href":"https:\/\/gopinkish.com\/en\/wp-json\/wp\/v2\/product_brand?post=20958"},{"taxonomy":"product_cat","embeddable":true,"href":"https:\/\/gopinkish.com\/en\/wp-json\/wp\/v2\/product_cat?post=20958"},{"taxonomy":"product_tag","embeddable":true,"href":"https:\/\/gopinkish.com\/en\/wp-json\/wp\/v2\/product_tag?post=20958"}],"curies":[{"name":"wp","href":"https:\/\/api.w.org\/{rel}","templated":true}]}}