{"id":20616,"date":"2025-09-01T22:42:29","date_gmt":"2025-09-01T21:42:29","guid":{"rendered":"https:\/\/gopinkish.com\/?post_type=product&#038;p=20616"},"modified":"2026-03-02T15:48:22","modified_gmt":"2026-03-02T14:48:22","slug":"8809576261141","status":"publish","type":"product","link":"https:\/\/gopinkish.com\/en\/product\/8809576261141\/","title":{"rendered":"Centella Gentle Daily Exfoliating Toner"},"content":{"rendered":"<p>A gentle exfoliating toner with polyhydroxy acid that can be used daily to fully optimize skin texture.<\/p>\n<p><strong>Product benefits: <\/strong>Calming, soothing, mild exfoliating<\/p>\n<p><strong>Skin type: <\/strong>Normal, sensitive<\/p>\n<p>- A gentle exfoliating toner with a light, watery texture<br \/>\n- A daily toner enriched with Centella asiatica extract and polyhydroxy acid, which is a mild exfoliator<br \/>\n- A mild exfoliating formula of polyhydroxy acid that gradually activates on the skin to gently remove oil and dead skin cells<br \/>\n- Skin brightening and anti-aging benefits approved for clear, supple skin<br \/>\n- A complete non-comedogenic test that is safe for acne and all other skin types<\/p>\n<p>&nbsp;<\/p>\n<p dir=\"ltr\" style=\"text-align: center;\">\ud83c\uddec\ud83c\udde7 SKIN1004 Madagascar Centella Toning Toner - Gentle Exfoliating Toner with PHA &amp; Centella Asiatica for Radiant, Balanced Skin<br \/>\n\ud83c\uddeb\ud83c\uddf7 Toner Exfoliant Doux SKIN1004 Madagascar Centella - Soin \u00e0 la Centella Asiatica &amp; PHA pour une Peau Lumineuse et \u00c9quilibr\u00e9e<\/p>","protected":false},"excerpt":{"rendered":"<p>\u062a\u0648\u0646\u0631 \u0645\u0642\u0634\u0631 \u0644\u0637\u064a\u0641 \u064a\u062d\u062a\u0648\u064a \u0639\u0644\u0649 \u062d\u0645\u0636 \u0627\u0644\u0628\u0648\u0644\u064a \u0647\u064a\u062f\u0631\u0648\u0643\u0633\u064a \u064a\u0645\u0643\u0646 \u0627\u0633\u062a\u062e\u062f\u0627\u0645\u0647 \u064a\u0648\u0645\u064a\u064b\u0627 \u0644\u062a\u062d\u0633\u064a\u0646 \u0645\u0644\u0645\u0633 \u0627\u0644\u0628\u0634\u0631\u0629 \u0628\u0634\u0643\u0644 \u0643\u0627\u0645\u0644. \u0641\u0648\u0627\u0626\u062f \u0627\u0644\u0645\u0646\u062a\u062c: \u0645\u0647\u062f\u0626\u060c \u0645\u0644\u0637\u0641\u060c \u0645\u0642\u0634\u0631 \u062e\u0641\u064a\u0641 \u0646\u0648\u0639 \u0627\u0644\u0628\u0634\u0631\u0629: \u0639\u0627\u062f\u064a\u0629\u060c \u062d\u0633\u0627\u0633\u0629 &#8211; \u062a\u0648\u0646\u0631 \u0645\u0642\u0634\u0631 \u0644\u0637\u064a\u0641 \u0630\u0648 \u0645\u0644\u0645\u0633 \u062e\u0641\u064a\u0641 \u0648\u0645\u0627\u0626\u064a &#8211; \u062a\u0648\u0646\u0631 \u064a\u0648\u0645\u064a \u063a\u0646\u064a \u0628\u0645\u0633\u062a\u062e\u0644\u0635 \u0646\u0628\u0627\u062a \u0627\u0644\u0633\u0646\u062a\u064a\u0644\u0627 \u0627\u0644\u0622\u0633\u064a\u0648\u064a \u0648\u062d\u0645\u0636 \u0627\u0644\u0628\u0648\u0644\u064a \u0647\u064a\u062f\u0631\u0648\u0643\u0633\u064a\u060c \u0648\u0647\u0648 \u0645\u0642\u0634\u0631 \u062e\u0641\u064a\u0641 &#8211; \u062a\u0631\u0643\u064a\u0628\u0629 \u0645\u0642\u0634\u0631\u0629 \u062e\u0641\u064a\u0641\u0629 \u0645\u0646 \u062d\u0645\u0636 \u0627\u0644\u0628\u0648\u0644\u064a [&hellip;]<\/p>\n","protected":false},"featured_media":20621,"template":"","meta":[],"pwb-brand":[1045],"product_brand":[],"product_cat":[1120],"product_tag":[688,694,763],"class_list":{"0":"post-20616","1":"product","2":"type-product","3":"status-publish","4":"has-post-thumbnail","6":"pwb-brand-skin1004","7":"product_cat-face-exfo","8":"product_tag-sensitive","9":"product_tag-normalskin","10":"product_tag-korean-product-2","12":"first","13":"instock","14":"shipping-taxable","15":"purchasable","16":"product-type-variable","17":"has-default-attributes","18":"wvs-archive-product-wrapper"},"brands":[{"id":1045,"name":"SKIN1004","slug":"skin1004"}],"_links":{"self":[{"href":"https:\/\/gopinkish.com\/en\/wp-json\/wp\/v2\/product\/20616","targetHints":{"allow":["GET"]}}],"collection":[{"href":"https:\/\/gopinkish.com\/en\/wp-json\/wp\/v2\/product"}],"about":[{"href":"https:\/\/gopinkish.com\/en\/wp-json\/wp\/v2\/types\/product"}],"wp:featuredmedia":[{"embeddable":true,"href":"https:\/\/gopinkish.com\/en\/wp-json\/wp\/v2\/media\/20621"}],"wp:attachment":[{"href":"https:\/\/gopinkish.com\/en\/wp-json\/wp\/v2\/media?parent=20616"}],"wp:term":[{"taxonomy":"pwb-brand","embeddable":true,"href":"https:\/\/gopinkish.com\/en\/wp-json\/wp\/v2\/pwb-brand?post=20616"},{"taxonomy":"product_brand","embeddable":true,"href":"https:\/\/gopinkish.com\/en\/wp-json\/wp\/v2\/product_brand?post=20616"},{"taxonomy":"product_cat","embeddable":true,"href":"https:\/\/gopinkish.com\/en\/wp-json\/wp\/v2\/product_cat?post=20616"},{"taxonomy":"product_tag","embeddable":true,"href":"https:\/\/gopinkish.com\/en\/wp-json\/wp\/v2\/product_tag?post=20616"}],"curies":[{"name":"wp","href":"https:\/\/api.w.org\/{rel}","templated":true}]}}