{"id":1862,"date":"2023-01-27T06:19:29","date_gmt":"2023-01-27T05:19:29","guid":{"rendered":"https:\/\/gopinkish.com\/?post_type=product&#038;p=1862"},"modified":"2026-03-28T12:59:27","modified_gmt":"2026-03-28T11:59:27","slug":"3600524032609","status":"publish","type":"product","link":"https:\/\/gopinkish.com\/en\/product\/3600524032609\/","title":{"rendered":"Anti-wrinkle cream"},"content":{"rendered":"<p style=\"text-align: justify;\">\u00a0An anti-wrinkle daily cream with pure collagen that helps to plump skin, reduce fine lines, and improve elasticity. Its rich, creamy formula delivers deep hydration and leaves skin smoother and more radiant with regular use.<\/p>\n<p style=\"text-align: justify;\"><strong>Key Ingredients and Characteristics<\/strong><br \/>\n- Pure collagen to plump up the skin<br \/>\n- Rich, soft, moisturizing formula<br \/>\n- Helps reduce fine lines and wrinkles<br \/>\n- Improves skin elasticity and overall appearance<br \/>\n- Suitable for mature and dry skin<\/p>\n<p><strong>Key Features and Benefits<\/strong><br \/>\n- Effectively reduces wrinkles and fine lines<br \/>\n- Skin is visibly plumped and smoothed<br \/>\n- Deeply moisturizes and promotes a natural glow<br \/>\n- Improves skin elasticity and makes it more youthful<br \/>\n- Ideal for daily use morning and night<\/p>\n<p dir=\"ltr\" style=\"text-align: center;\">\ud83c\uddec\ud83c\udde7 L'Or\u00e9al Collagen Wrinkle Filler - Anti-Aging Cream<br \/>\n\ud83c\uddeb\ud83c\uddf7 L'Or\u00e9al Soin Anti-Rides Collag\u00e8ne Repulpeur - Cr\u00e8me Hydratante<\/p>","protected":false},"excerpt":{"rendered":"<p>\u00a0\u0643\u0631\u064a\u0645 \u064a\u0648\u0645\u064a \u0645\u0636\u0627\u062f \u0644\u0644\u062a\u062c\u0627\u0639\u064a\u062f \u064a\u062d\u062a\u0648\u064a \u0639\u0644\u0649 \u0643\u0648\u0644\u0627\u062c\u064a\u0646 \u0646\u0642\u064a \u064a\u0633\u0627\u0639\u062f \u0639\u0644\u0649 \u0625\u0639\u0627\u062f\u0629 \u0627\u0645\u062a\u0644\u0627\u0621 \u0627\u0644\u0628\u0634\u0631\u0629\u060c \u062a\u0642\u0644\u064a\u0644 \u0627\u0644\u062e\u0637\u0648\u0637 \u0627\u0644\u062f\u0642\u064a\u0642\u0629\u060c \u0648\u062a\u062d\u0633\u064a\u0646 \u0645\u0631\u0648\u0646\u062a\u0647\u0627. \u062a\u0631\u0643\u064a\u0628\u062a\u0647 \u0627\u0644\u0643\u0631\u064a\u0645\u064a\u0629 \u0627\u0644\u063a\u0646\u064a\u0629 \u062a\u0645\u0646\u062d \u062a\u0631\u0637\u064a\u0628\u064b\u0627 \u0639\u0645\u064a\u0642\u064b\u0627 \u0648\u062a\u062a\u0631\u0643 \u0627\u0644\u0628\u0634\u0631\u0629 \u0623\u0643\u062b\u0631 \u0646\u0639\u0648\u0645\u0629 \u0648\u0625\u0634\u0631\u0627\u0642\u064b\u0627 \u0645\u0639 \u0627\u0644\u0627\u0633\u062a\u062e\u062f\u0627\u0645 \u0627\u0644\u0645\u0646\u062a\u0638\u0645. \u0627\u0644\u0645\u0643\u0648\u0646\u0627\u062a \u0648\u0627\u0644\u062e\u0635\u0627\u0626\u0635 \u0627\u0644\u0631\u0626\u064a\u0633\u064a\u0629 \u2022 \u0643\u0648\u0644\u0627\u062c\u064a\u0646 \u0646\u0642\u064a \u0644\u0625\u0639\u0627\u062f\u0629 \u0627\u0645\u062a\u0644\u0627\u0621 \u0627\u0644\u0628\u0634\u0631\u0629 \u2022 \u062a\u0631\u0643\u064a\u0628\u0629 \u0645\u0631\u0637\u0628\u0629 \u063a\u0646\u064a\u0629 \u0648\u0646\u0627\u0639\u0645\u0629 \u2022 \u064a\u0633\u0627\u0639\u062f \u0639\u0644\u0649 \u062a\u0642\u0644\u064a\u0644 \u0627\u0644\u062e\u0637\u0648\u0637 \u0627\u0644\u062f\u0642\u064a\u0642\u0629 \u0648\u0627\u0644\u062a\u062c\u0627\u0639\u064a\u062f \u2022 \u064a\u062d\u0633\u0646 [&hellip;]<\/p>\n","protected":false},"featured_media":2097,"template":"","meta":[],"pwb-brand":[239],"product_brand":[],"product_cat":[1227,1231],"product_tag":[672,704],"class_list":{"0":"post-1862","1":"product","2":"type-product","3":"status-publish","4":"has-post-thumbnail","6":"pwb-brand-loreal","7":"product_cat-face-renew","8":"product_cat-daily-face-care","9":"product_tag-wrinkles","10":"product_tag-daycream","12":"first","13":"instock","14":"shipping-taxable","15":"purchasable","16":"product-type-variable","17":"has-default-attributes","18":"wvs-archive-product-wrapper"},"brands":[{"id":239,"name":"L'Or\u00e9al Paris","slug":"loreal"}],"_links":{"self":[{"href":"https:\/\/gopinkish.com\/en\/wp-json\/wp\/v2\/product\/1862","targetHints":{"allow":["GET"]}}],"collection":[{"href":"https:\/\/gopinkish.com\/en\/wp-json\/wp\/v2\/product"}],"about":[{"href":"https:\/\/gopinkish.com\/en\/wp-json\/wp\/v2\/types\/product"}],"wp:featuredmedia":[{"embeddable":true,"href":"https:\/\/gopinkish.com\/en\/wp-json\/wp\/v2\/media\/2097"}],"wp:attachment":[{"href":"https:\/\/gopinkish.com\/en\/wp-json\/wp\/v2\/media?parent=1862"}],"wp:term":[{"taxonomy":"pwb-brand","embeddable":true,"href":"https:\/\/gopinkish.com\/en\/wp-json\/wp\/v2\/pwb-brand?post=1862"},{"taxonomy":"product_brand","embeddable":true,"href":"https:\/\/gopinkish.com\/en\/wp-json\/wp\/v2\/product_brand?post=1862"},{"taxonomy":"product_cat","embeddable":true,"href":"https:\/\/gopinkish.com\/en\/wp-json\/wp\/v2\/product_cat?post=1862"},{"taxonomy":"product_tag","embeddable":true,"href":"https:\/\/gopinkish.com\/en\/wp-json\/wp\/v2\/product_tag?post=1862"}],"curies":[{"name":"wp","href":"https:\/\/api.w.org\/{rel}","templated":true}]}}