{"id":13746,"date":"2025-10-02T15:40:11","date_gmt":"2025-10-02T14:40:11","guid":{"rendered":"https:\/\/gopinkish.com\/?post_type=product&#038;p=13746"},"modified":"2026-04-01T18:36:15","modified_gmt":"2026-04-01T17:36:15","slug":"3596490004200","status":"publish","type":"product","link":"https:\/\/gopinkish.com\/en\/product\/3596490004200\/","title":{"rendered":"Almond and Rose Shower Cream for sensitive and dry skin"},"content":{"rendered":"<p style=\"text-align: justify;\">Enriched with natural almond butter, this relaxing shower cream gently cleanses and intensively nourishes sensitive and dry skin. It moisturizes your skin and protects it from external aggressions thanks to its superior agents. Its ultra-creamy texture and almond and rose fragrance give you moments of pleasure while respecting your skin. This shower cream is specially designed to cleanse sensitive and dry skin on a daily basis.<\/p>\n<p dir=\"ltr\" style=\"text-align: center;\">\ud83c\uddec\ud83c\udde7 Rog\u00e9 Cavaill\u00e8s Shower Cream with Almond Butter &amp; Rose<br \/>\n\ud83c\uddeb\ud83c\uddf7 Cr\u00e8me de Douche Rog\u00e9 Cavaill\u00e8s au Beurre d\u2019Amande &amp; Rose<\/p>","protected":false},"excerpt":{"rendered":"<p>\u063a\u0646\u064a \u0628\u0632\u0628\u062f\u0629 \u0627\u0644\u0644\u0648\u0632 \u0627\u0644\u0637\u0628\u064a\u0639\u064a\u0629\u060c \u0643\u0631\u064a\u0645 \u0627\u0644\u0627\u0633\u062a\u062d\u0645\u0627\u0645 \u0627\u0644\u0645\u0631\u064a\u062d \u064a\u0646\u0638\u0641 \u0628\u0644\u0637\u0641 \u0648\u064a\u063a\u0630\u064a \u0627\u0644\u0628\u0634\u0631\u0629 \u0627\u0644\u062d\u0633\u0627\u0633\u0629 \u0648\u0627\u0644\u062c\u0627\u0641\u0629 \u0628\u0634\u0643\u0644 \u0645\u0643\u062b\u0641. \u0625\u0646\u0647 \u064a\u0631\u0637\u0628 \u0628\u0634\u0631\u062a\u0643 \u0648\u064a\u062d\u0645\u064a\u0647\u0627 \u0645\u0646 \u0627\u0644\u0627\u0639\u062a\u062f\u0627\u0621\u0627\u062a \u0627\u0644\u062e\u0627\u0631\u062c\u064a\u0629 \u0628\u0641\u0636\u0644 \u0639\u0648\u0627\u0645\u0644\u0647 \u0627\u0644\u0641\u0627\u0626\u0642\u0629. \u064a\u0645\u0646\u062d\u0643 \u0642\u0648\u0627\u0645\u0647 \u0627\u0644\u0643\u0631\u064a\u0645\u064a \u0644\u0644\u063a\u0627\u064a\u0629 \u0648\u0639\u0637\u0631 \u0627\u0644\u0644\u0648\u0632 \u0648\u0627\u0644\u0648\u0631\u062f \u0644\u062d\u0638\u0627\u062a \u0645\u0646 \u0627\u0644\u0645\u062a\u0639\u0629 \u0645\u0639 \u0627\u062d\u062a\u0631\u0627\u0645 \u0628\u0634\u0631\u062a\u0643. \u062a\u0645 \u062a\u0635\u0645\u064a\u0645 \u0643\u0631\u064a\u0645 \u0627\u0644\u0627\u0633\u062a\u062d\u0645\u0627\u0645 \u0647\u0630\u0627 \u062e\u0635\u064a\u0635\u064b\u0627 \u0644\u062a\u0646\u0638\u064a\u0641 \u0627\u0644\u0628\u0634\u0631\u0629 \u0627\u0644\u062d\u0633\u0627\u0633\u0629 \u0648\u0627\u0644\u062c\u0627\u0641\u0629 \u0628\u0634\u0643\u0644 \u064a\u0648\u0645\u064a. \ud83c\uddec\ud83c\udde7 Rog\u00e9 Cavaill\u00e8s Shower Cream [&hellip;]<\/p>\n","protected":false},"featured_media":13987,"template":"","meta":[],"pwb-brand":[1008],"product_brand":[],"product_cat":[1138],"product_tag":[],"class_list":{"0":"post-13746","1":"product","2":"type-product","3":"status-publish","4":"has-post-thumbnail","6":"pwb-brand-rogecavailles","7":"product_cat-bath-and-shower","9":"first","10":"outofstock","11":"product-type-variable","12":"has-default-attributes","13":"wvs-archive-product-wrapper"},"brands":[{"id":1008,"name":"Rog\u00e9 Cavaill\u00e8s","slug":"rogecavailles"}],"_links":{"self":[{"href":"https:\/\/gopinkish.com\/en\/wp-json\/wp\/v2\/product\/13746","targetHints":{"allow":["GET"]}}],"collection":[{"href":"https:\/\/gopinkish.com\/en\/wp-json\/wp\/v2\/product"}],"about":[{"href":"https:\/\/gopinkish.com\/en\/wp-json\/wp\/v2\/types\/product"}],"wp:featuredmedia":[{"embeddable":true,"href":"https:\/\/gopinkish.com\/en\/wp-json\/wp\/v2\/media\/13987"}],"wp:attachment":[{"href":"https:\/\/gopinkish.com\/en\/wp-json\/wp\/v2\/media?parent=13746"}],"wp:term":[{"taxonomy":"pwb-brand","embeddable":true,"href":"https:\/\/gopinkish.com\/en\/wp-json\/wp\/v2\/pwb-brand?post=13746"},{"taxonomy":"product_brand","embeddable":true,"href":"https:\/\/gopinkish.com\/en\/wp-json\/wp\/v2\/product_brand?post=13746"},{"taxonomy":"product_cat","embeddable":true,"href":"https:\/\/gopinkish.com\/en\/wp-json\/wp\/v2\/product_cat?post=13746"},{"taxonomy":"product_tag","embeddable":true,"href":"https:\/\/gopinkish.com\/en\/wp-json\/wp\/v2\/product_tag?post=13746"}],"curies":[{"name":"wp","href":"https:\/\/api.w.org\/{rel}","templated":true}]}}