{"id":13436,"date":"2024-06-28T15:38:47","date_gmt":"2024-06-28T14:38:47","guid":{"rendered":"https:\/\/gopinkish.com\/?post_type=product&#038;p=13436"},"modified":"2026-02-11T10:21:41","modified_gmt":"2026-02-11T09:21:41","slug":"3346133700132","status":"publish","type":"product","link":"https:\/\/gopinkish.com\/en\/product\/3346133700132\/","title":{"rendered":"Luxury Satin Lipstick - Rouge 85H"},"content":{"rendered":"<p style=\"text-align: justify;\">Herm\u00e8s Satin Lipstick in 85 Rouge H is a glossy lipstick with a silky finish that delivers long-lasting, vibrant color with a soft, rich texture. It will leave your lips feeling soft, nourished and conditioned. The sleek refillable packaging makes it a perfect choice for any beauty lover. Its creamy formula glides on effortlessly and delivers an intense color result in one swipe. Wear it alone for a natural look, or layer different shades for a more dramatic effect. Whether you're looking for bold, expressive lips or a subtle everyday look, Rouge Hermes Satin Lipstick in 85 Rouge H will meet your needs.<\/p>\n<p dir=\"ltr\" style=\"text-align: center;\">\ud83c\uddec\ud83c\udde7 Luxury Satin Lipstick - Shade 85H<br \/>\n\ud83c\uddeb\ud83c\uddf7 Rouge \u00e0 L\u00e8vres Satin\u00e9 de Luxe - Teinte 85<\/p>","protected":false},"excerpt":{"rendered":"<p>\u0623\u062d\u0645\u0631 \u0627\u0644\u0634\u0641\u0627\u0647 \u0647\u064a\u0631\u0645\u064a\u0633 \u0627\u0644\u0633\u0627\u062a\u0627\u0646 \u0628\u062f\u0631\u062c\u0629 85 \u0631\u0648\u062c H \u0647\u0648 \u0623\u062d\u0645\u0631 \u0634\u0641\u0627\u0647 \u0628\u0631\u0627\u0642 \u0630\u0648 \u0644\u0645\u0633\u0629 \u0646\u0647\u0627\u0626\u064a\u0629 \u062d\u0631\u064a\u0631\u064a\u0629 \u064a\u0648\u0641\u0631 \u0644\u0648\u0646\u064b\u0627 \u0646\u0627\u0628\u0636\u064b\u0627 \u0628\u0627\u0644\u062d\u064a\u0627\u0629 \u064a\u062f\u0648\u0645 \u0637\u0648\u064a\u0644\u0627\u064b \u0645\u0639 \u0645\u0644\u0645\u0633 \u0646\u0627\u0639\u0645 \u0648\u063a\u0646\u064a. \u0633\u0648\u0641 \u064a\u062a\u0631\u0643 \u0634\u0641\u062a\u064a\u0643 \u062a\u0634\u0639\u0631 \u0628\u0627\u0644\u0646\u0639\u0648\u0645\u0629 \u0648\u0627\u0644\u062a\u063a\u0630\u064a\u0629 \u0648\u0627\u0644\u062a\u0643\u064a\u064a\u0641. \u0627\u0644\u0639\u0628\u0648\u0629 \u0627\u0644\u0623\u0646\u064a\u0642\u0629 \u0627\u0644\u0642\u0627\u0628\u0644\u0629 \u0644\u0625\u0639\u0627\u062f\u0629 \u0627\u0644\u062a\u0639\u0628\u0626\u0629 \u062a\u062c\u0639\u0644\u0647\u0627 \u062e\u064a\u0627\u0631\u064b\u0627 \u0645\u062b\u0627\u0644\u064a\u064b\u0627 \u0644\u0623\u064a \u0639\u0627\u0634\u0642\u0629 \u0644\u0644\u062c\u0645\u0627\u0644. \u062a\u0646\u0633\u0627\u0628 \u062a\u0631\u0643\u064a\u0628\u062a\u0647 \u0627\u0644\u0643\u0631\u064a\u0645\u064a\u0629 \u062f\u0648\u0646 \u0639\u0646\u0627\u0621 \u0648\u062a\u0648\u0641\u0631 \u0646\u062a\u064a\u062c\u0629 \u0644\u0648\u0646\u064a\u0629 \u0645\u0643\u062b\u0641\u0629 \u0628\u062a\u0645\u0631\u064a\u0631\u0629 \u0648\u0627\u062d\u062f\u0629. [&hellip;]<\/p>\n","protected":false},"featured_media":14285,"template":"","meta":[],"pwb-brand":[1016],"product_brand":[],"product_cat":[1182],"product_tag":[],"class_list":{"0":"post-13436","1":"product","2":"type-product","3":"status-publish","4":"has-post-thumbnail","6":"pwb-brand-hermes","7":"product_cat-lipstick-makeup","9":"first","10":"outofstock","11":"featured","12":"product-type-variable","13":"has-default-attributes","14":"wvs-archive-product-wrapper"},"brands":[{"id":1016,"name":"Hermes","slug":"hermes"}],"_links":{"self":[{"href":"https:\/\/gopinkish.com\/en\/wp-json\/wp\/v2\/product\/13436","targetHints":{"allow":["GET"]}}],"collection":[{"href":"https:\/\/gopinkish.com\/en\/wp-json\/wp\/v2\/product"}],"about":[{"href":"https:\/\/gopinkish.com\/en\/wp-json\/wp\/v2\/types\/product"}],"wp:featuredmedia":[{"embeddable":true,"href":"https:\/\/gopinkish.com\/en\/wp-json\/wp\/v2\/media\/14285"}],"wp:attachment":[{"href":"https:\/\/gopinkish.com\/en\/wp-json\/wp\/v2\/media?parent=13436"}],"wp:term":[{"taxonomy":"pwb-brand","embeddable":true,"href":"https:\/\/gopinkish.com\/en\/wp-json\/wp\/v2\/pwb-brand?post=13436"},{"taxonomy":"product_brand","embeddable":true,"href":"https:\/\/gopinkish.com\/en\/wp-json\/wp\/v2\/product_brand?post=13436"},{"taxonomy":"product_cat","embeddable":true,"href":"https:\/\/gopinkish.com\/en\/wp-json\/wp\/v2\/product_cat?post=13436"},{"taxonomy":"product_tag","embeddable":true,"href":"https:\/\/gopinkish.com\/en\/wp-json\/wp\/v2\/product_tag?post=13436"}],"curies":[{"name":"wp","href":"https:\/\/api.w.org\/{rel}","templated":true}]}}