{"id":13222,"date":"2024-06-28T15:37:49","date_gmt":"2024-06-28T14:37:49","guid":{"rendered":"https:\/\/gopinkish.com\/?post_type=product&#038;p=13222"},"modified":"2026-02-09T17:17:08","modified_gmt":"2026-02-09T16:17:08","slug":"3760007337970","status":"publish","type":"product","link":"https:\/\/gopinkish.com\/en\/product\/3760007337970\/","title":{"rendered":"Reactive anti-hair loss serum"},"content":{"rendered":"<p style=\"text-align: justify;\">Lux\u00e9ol Reactive Anti-Hair Loss Serum is a serum designed to minimize hair loss associated with stress, fatigue or even the change of season. It allows you to have thicker, more resistant hair, full of vitality and radiant health. Its formula provides moisture and shine to the hair. 97% Ingredients of natural origin.<\/p>\n<p style=\"text-align: justify;\">Made in France.<\/p>\n<p dir=\"ltr\" style=\"text-align: center;\">\ud83c\uddec\ud83c\udde7 Lux\u00e9ol Anti-Hair Loss Serum - Stress &amp; Fatigue<br \/>\n\ud83c\uddeb\ud83c\uddf7 S\u00e9rum Anti-Chute R\u00e9actionnelle Lux\u00e9ol - Stress &amp; Fatigue<\/p>\n<div id=\"gtx-trans\" style=\"position: absolute; left: 672px; top: 48.6px;\">\n<div class=\"gtx-trans-icon\" style=\"text-align: justify;\"><\/div>\n<\/div>","protected":false},"excerpt":{"rendered":"<p>\u0645\u0635\u0644 Lux\u00e9ol \u0627\u0644\u062a\u0641\u0627\u0639\u0644\u064a \u0627\u0644\u0645\u0636\u0627\u062f \u0644\u062a\u0633\u0627\u0642\u0637 \u0627\u0644\u0634\u0639\u0631 \u0647\u0648 \u0645\u0635\u0644 \u0645\u0635\u0645\u0645 \u0644\u062a\u0642\u0644\u064a\u0644 \u062a\u0633\u0627\u0642\u0637 \u0627\u0644\u0634\u0639\u0631 \u0627\u0644\u0645\u0631\u062a\u0628\u0637 \u0628\u0627\u0644\u0625\u062c\u0647\u0627\u062f \u0623\u0648 \u0627\u0644\u062a\u0639\u0628 \u0623\u0648 \u062d\u062a\u0649 \u062a\u063a\u064a\u0631 \u0627\u0644\u0645\u0648\u0633\u0645. \u0641\u0647\u0648 \u064a\u062a\u064a\u062d \u0644\u0643 \u0627\u0644\u062d\u0635\u0648\u0644 \u0639\u0644\u0649 \u0634\u0639\u0631 \u0623\u0643\u062b\u0631 \u0643\u062b\u0627\u0641\u0629 \u0648\u0623\u0643\u062b\u0631 \u0645\u0642\u0627\u0648\u0645\u0629 \u0648\u0645\u0644\u064a\u0626\u064b\u0627 \u0628\u0627\u0644\u062d\u064a\u0648\u064a\u0629 \u0648\u0627\u0644\u0635\u062d\u0629 \u0627\u0644\u0645\u0634\u0639\u0629. \u062a\u0631\u0643\u064a\u0628\u062a\u0647 \u062a\u0648\u0641\u0631 \u0627\u0644\u062a\u0631\u0637\u064a\u0628 \u0648\u0627\u0644\u0644\u0645\u0639\u0627\u0646 \u0644\u0644\u0634\u0639\u0631. 97% \u0645\u0643\u0648\u0646\u0627\u062a \u0645\u0646 \u0623\u0635\u0644 \u0637\u0628\u064a\u0639\u064a. \u0635\u0646\u0639 \u0641\u064a \u0641\u0631\u0646\u0633\u0627. \ud83c\uddec\ud83c\udde7 Lux\u00e9ol Anti-Hair Loss Serum \u2013 Stress &amp; [&hellip;]<\/p>\n","protected":false},"featured_media":14138,"template":"","meta":[],"pwb-brand":[246],"product_brand":[],"product_cat":[1154],"product_tag":[678],"class_list":{"0":"post-13222","1":"product","2":"type-product","3":"status-publish","4":"has-post-thumbnail","6":"pwb-brand-luxeol","7":"product_cat-hair-serum","8":"product_tag-hairfall","9":"pa_-50-","11":"first","12":"instock","13":"featured","14":"purchasable","15":"product-type-variable","16":"has-default-attributes","17":"wvs-archive-product-wrapper"},"brands":[{"id":246,"name":"Lux\u00e9ol","slug":"luxeol"}],"_links":{"self":[{"href":"https:\/\/gopinkish.com\/en\/wp-json\/wp\/v2\/product\/13222","targetHints":{"allow":["GET"]}}],"collection":[{"href":"https:\/\/gopinkish.com\/en\/wp-json\/wp\/v2\/product"}],"about":[{"href":"https:\/\/gopinkish.com\/en\/wp-json\/wp\/v2\/types\/product"}],"wp:featuredmedia":[{"embeddable":true,"href":"https:\/\/gopinkish.com\/en\/wp-json\/wp\/v2\/media\/14138"}],"wp:attachment":[{"href":"https:\/\/gopinkish.com\/en\/wp-json\/wp\/v2\/media?parent=13222"}],"wp:term":[{"taxonomy":"pwb-brand","embeddable":true,"href":"https:\/\/gopinkish.com\/en\/wp-json\/wp\/v2\/pwb-brand?post=13222"},{"taxonomy":"product_brand","embeddable":true,"href":"https:\/\/gopinkish.com\/en\/wp-json\/wp\/v2\/product_brand?post=13222"},{"taxonomy":"product_cat","embeddable":true,"href":"https:\/\/gopinkish.com\/en\/wp-json\/wp\/v2\/product_cat?post=13222"},{"taxonomy":"product_tag","embeddable":true,"href":"https:\/\/gopinkish.com\/en\/wp-json\/wp\/v2\/product_tag?post=13222"}],"curies":[{"name":"wp","href":"https:\/\/api.w.org\/{rel}","templated":true}]}}