{"id":12662,"date":"2024-06-28T15:35:28","date_gmt":"2024-06-28T14:35:28","guid":{"rendered":"https:\/\/gopinkish.com\/?post_type=product&#038;p=12662"},"modified":"2026-03-02T14:53:34","modified_gmt":"2026-03-02T13:53:34","slug":"8809647392668","status":"publish","type":"product","link":"https:\/\/gopinkish.com\/en\/product\/8809647392668\/","title":{"rendered":"Retinol Intensive Revitalizing Serum"},"content":{"rendered":"<p style=\"text-align: justify;\">0.1% mild Korean retinol serum for signs of facial aging, post-acne signs, skin texture and elasticity.<\/p>\n<p style=\"text-align: justify;\">Retinol Serum provides a safe and powerful skin-improving effect through gentle revitalizing technology on sensitive skin that becomes sensitive due to repeated damage. This facial serum contains Retinol 0.1%, Retinal 1 ppm, and Bacuchiol 5000 ppm, which promotes the synthesis of collagen and elastin in the skin. This daily serum also contains panthenol, beta-glucan, ceramides, and trospica to help heal damaged skin and strengthen the skin barrier.<\/p>\n<p style=\"text-align: justify;\">Key Ingredients: Bacuchiol is a plant-derived ingredient that has been found to have similar benefits to retinol without the potential for irritation or allergic reactions. It is known to improve skin texture and pigmentation. Retinol is a form of vitamin A that helps increase cell turnover, stimulate collagen production, and reduce the appearance of fine lines and wrinkles.<\/p>\n<p style=\"text-align: justify;\">Retinol line: Revitalization is the key concept of the Retinol Line, which aims to revitalize the skin and boost its vitality. The Retinol Line is effective in improving four rapid aging signals, slowing down the aging process, and enhancing the speed of skin barrier regeneration, resulting in a refreshed and renewed complexion.<\/p>\n<p dir=\"ltr\" style=\"text-align: center;\">\ud83c\uddec\ud83c\udde7 SOME BY MI Retinol Intense Reactivating Serum<br \/>\n\ud83c\uddeb\ud83c\uddf7 S\u00e9rum R\u00e9activateur Intense au R\u00e9tinol SOME BY MI<\/p>","protected":false},"excerpt":{"rendered":"<p><span style=\"color: #ff0000;\"><strong>Product expiration date November 2026<\/strong><\/span><\/p>","protected":false},"featured_media":14119,"template":"","meta":[],"pwb-brand":[735],"product_brand":[],"product_cat":[1227,1225,1230],"product_tag":[672,763],"class_list":{"0":"post-12662","1":"product","2":"type-product","3":"status-publish","4":"has-post-thumbnail","6":"pwb-brand-somebymi","7":"product_cat-face-renew","8":"product_cat-sale","9":"product_cat-face-serum","10":"product_tag-wrinkles","11":"product_tag-korean-product-2","13":"first","14":"instock","15":"sale","16":"purchasable","17":"product-type-variable","18":"has-default-attributes","19":"wvs-archive-product-wrapper"},"brands":[{"id":735,"name":"Some By Mi","slug":"somebymi"}],"_links":{"self":[{"href":"https:\/\/gopinkish.com\/en\/wp-json\/wp\/v2\/product\/12662","targetHints":{"allow":["GET"]}}],"collection":[{"href":"https:\/\/gopinkish.com\/en\/wp-json\/wp\/v2\/product"}],"about":[{"href":"https:\/\/gopinkish.com\/en\/wp-json\/wp\/v2\/types\/product"}],"wp:featuredmedia":[{"embeddable":true,"href":"https:\/\/gopinkish.com\/en\/wp-json\/wp\/v2\/media\/14119"}],"wp:attachment":[{"href":"https:\/\/gopinkish.com\/en\/wp-json\/wp\/v2\/media?parent=12662"}],"wp:term":[{"taxonomy":"pwb-brand","embeddable":true,"href":"https:\/\/gopinkish.com\/en\/wp-json\/wp\/v2\/pwb-brand?post=12662"},{"taxonomy":"product_brand","embeddable":true,"href":"https:\/\/gopinkish.com\/en\/wp-json\/wp\/v2\/product_brand?post=12662"},{"taxonomy":"product_cat","embeddable":true,"href":"https:\/\/gopinkish.com\/en\/wp-json\/wp\/v2\/product_cat?post=12662"},{"taxonomy":"product_tag","embeddable":true,"href":"https:\/\/gopinkish.com\/en\/wp-json\/wp\/v2\/product_tag?post=12662"}],"curies":[{"name":"wp","href":"https:\/\/api.w.org\/{rel}","templated":true}]}}